{"id":1057,"date":"2023-10-12T19:35:16","date_gmt":"2023-10-12T17:35:16","guid":{"rendered":"https:\/\/nunceo.com\/?page_id=1057"},"modified":"2023-12-19T13:23:11","modified_gmt":"2023-12-19T12:23:11","slug":"the-victorian-apartment-complexbentall-kennedy","status":"publish","type":"page","link":"https:\/\/nunceo.com\/de\/the-victorian-apartment-complexbentall-kennedy\/","title":{"rendered":""},"content":{"rendered":"<p>\/<\/p>\n\n\n<div class=\"gb-container gb-container-7e59a5e1\">\n<div class=\"gb-container gb-container-b0df881e\">\n\n<h1 class=\"wp-block-heading\">Victorian Apartment Complex in Calgary 21,3%<\/h1>\n\n\n\n<p><strong>In dem Bestreben, die Betriebskosten zu senken, die Emissionen zu reduzieren und die Nachhaltigkeitsziele zu erweitern, installierte Bentall Kennedy EndoTherm in The Victorian, einem Apartmentkomplex in Calgary.<\/strong><\/p>\n\n\n\n<p>Das Victorian wurde aufgrund eines k\u00fcrzlich durchgef\u00fchrten Energieaudits und nur zwei Erdgasger\u00e4ten f\u00fcr die Installation ausgew\u00e4hlt. Das Victorian ist ein 1972 errichteter Mehrfamilienwohnkomplex, der aus einem zweist\u00f6ckigen Geb\u00e4ude mit einem unbeheizten Parkdeck besteht. Die prim\u00e4re Raumheizung erfolgt \u00fcber einen Erdgaskessel der Marke Superhot mit einem Wirkungsgrad von 62 % AFUE und 600 MBH, der 94 % des gesamten Erdgasverbrauchs abdeckt. Der Standort wurde w\u00e4hrend der EndoTherm-Installation gereinigt und gesp\u00fclt. Dies kann in der Regel zu einer Effizienzsteigerung von 5-10 % f\u00fchren.<\/p>\n\n\n\n<p>Der Versuchszeitraum, auf dem diese Fallstudie beruht, wurde auf der Grundlage des historischen Erdgasverbrauchs im Verh\u00e4ltnis zu den Heizgradstunden ermittelt. Alle Daten des Versorgungsunternehmens wurden von Bentall Kennedy zur Verf\u00fcgung gestellt und von einem unabh\u00e4ngigen Ingenieur, Doug Mulley von Mulley Engineering Inc.<\/p>\n\n\n\n<p>Bentall Kennedy utilizes an energy use dashboard to track natural gas consumption compared to previous years. Calgary weather Heating Degree Hours (HDH) based on 18\u00b0C are used to provide weather normalized data for comparison.<\/p>\n\n\n\n<p>Der historische durchschnittliche Einkaufspreis f\u00fcr Erdgas w\u00e4hrend der Versuchsmonate betrug 5,93 $\/GJ und wurde verwendet, um die aktuellen Einsparungen der Investitionsrendite von 882,50 $ in sechs Versuchsmonaten zu ermitteln. Die j\u00e4hrlichen Brennstoffeinsparungen belaufen sich auf 236,19 GJ pro Jahr, was einer Gesamteinsparung von 1.400,66 $ entspricht und eine Amortisationszeit von etwas mehr als 12 Monaten ergibt. Au\u00dferdem wurde eine f\u00fcnfj\u00e4hrige Einsparung von 7.003 $ errechnet.<\/p>\n\n\n\n<p>Vergleicht man die vorangegangenen Basismonate mit dem Versuchszeitraum f\u00fcr die Victorian Apartments, so wurde der Erdgasverbrauch durch den EndoTherm-Versuch reduziert. Die daraus resultierenden Emissionen wurden in sechs Monaten nachweislich um 148,84 GJ oder 7.589 kg CO2e reduziert.<\/p>\n\n\n\n<p>Die Einsparungen durch die Kohlenstoffsteuer entsprechen einer zus\u00e4tzlichen sechsmonatigen Einsparung von 59 GJ oder 59,65 $ im Jahr 2017 unter der Steuer von 20 $\/Tonne und 90 GJ oder 136,53 $ im Jahr 2018 (ohne Februar). F\u00fcr die Jahre 2018, 2019, 2020 und 2021 wird eine j\u00e4hrliche Einsparung von 236,19 GJ bzw. 358,30 $ berechnet. Dies entspricht einer berechneten Gesamteinsparung von 60.228,45 kgCO2e und 1.791,50 $ in f\u00fcnf Jahren.<\/p>\n\n<\/div>\n<\/div>","protected":false},"excerpt":{"rendered":"<p>\/ Victorian Apartment Complex in Calgary 21,3% In a continued effort to lower operating cost, reduce emissions and expand on sustainability goals, Bentall Kennedy installed EndoTherm into The Victorian, apartment complex in Calgary. The Victorian was selected for install due to a recent energy audit and only two natural gas appliances. The Victorian is a &#8230; <a title=\"\" class=\"read-more\" href=\"https:\/\/nunceo.com\/de\/the-victorian-apartment-complexbentall-kennedy\/\" aria-label=\"Mehr zu \">Weiterlesen &#8230;<\/a><\/p>","protected":false},"author":3,"featured_media":0,"parent":0,"menu_order":0,"comment_status":"closed","ping_status":"closed","template":"","meta":{"footnotes":""},"class_list":["post-1057","page","type-page","status-publish"],"jetpack_sharing_enabled":true,"_links":{"self":[{"href":"https:\/\/nunceo.com\/de\/wp-json\/wp\/v2\/pages\/1057","targetHints":{"allow":["GET"]}}],"collection":[{"href":"https:\/\/nunceo.com\/de\/wp-json\/wp\/v2\/pages"}],"about":[{"href":"https:\/\/nunceo.com\/de\/wp-json\/wp\/v2\/types\/page"}],"author":[{"embeddable":true,"href":"https:\/\/nunceo.com\/de\/wp-json\/wp\/v2\/users\/3"}],"replies":[{"embeddable":true,"href":"https:\/\/nunceo.com\/de\/wp-json\/wp\/v2\/comments?post=1057"}],"version-history":[{"count":3,"href":"https:\/\/nunceo.com\/de\/wp-json\/wp\/v2\/pages\/1057\/revisions"}],"predecessor-version":[{"id":1133,"href":"https:\/\/nunceo.com\/de\/wp-json\/wp\/v2\/pages\/1057\/revisions\/1133"}],"wp:attachment":[{"href":"https:\/\/nunceo.com\/de\/wp-json\/wp\/v2\/media?parent=1057"}],"curies":[{"name":"wp","href":"https:\/\/api.w.org\/{rel}","templated":true}]}}