{"id":21,"date":"2023-08-21T15:05:21","date_gmt":"2023-08-21T13:05:21","guid":{"rendered":"https:\/\/nunceo.com\/?page_id=21"},"modified":"2024-09-18T09:59:26","modified_gmt":"2024-09-18T07:59:26","slug":"about-us","status":"publish","type":"page","link":"https:\/\/nunceo.com\/de\/about-us\/","title":{"rendered":"\u00dcber uns"},"content":{"rendered":"<div class=\"gb-container gb-container-75fe675f\">\n<div class=\"gb-container gb-container-68fea950\">\n<div class=\"gb-grid-wrapper gb-grid-wrapper-35274bcb\">\n<div class=\"gb-grid-column gb-grid-column-e5ca8aa2\"><div class=\"gb-container gb-container-e5ca8aa2\">\n\n<h1 class=\"gb-headline gb-headline-07691c1c gb-headline-text\">\u00dcber uns<\/h1>\n\n\n<div class=\"gb-container gb-container-3d294da2\"><\/div>\n\n\n<h4 class=\"wp-block-heading\" style=\"font-size:25px\">Wir sind ein deutsch-niederl\u00e4ndisches Team von Unternehmern, die sich der Nachhaltigkeit verpflichtet f\u00fchlen. Wir glauben daran, dass es m\u00f6glich ist, den CO2-Aussto\u00df drastisch zu reduzieren, wenn wir jede M\u00f6glichkeit der Reduktion nutzen. <br>Wir haben die Vision, dass jede Heizungsanlage in Europa mit unserem energieeffizienten Zusatzstoff ausgestattet wird.<\/h4>\n\n\n\n<p style=\"font-size:25px\"><strong>Rico Waanders<\/strong><\/p>\n\n\n\n<p style=\"font-size:25px\">Firmengr\u00fcnder mit einem Master in Chemie und langj\u00e4hriger Erfahrung als Berater in Gro\u00dfkonzernen.<\/p>\n\n\n\n<p style=\"font-size:25px\"><strong>Manfred Prothmann<\/strong><\/p>\n\n\n\n<p style=\"font-size:25px\">Firmengr\u00fcnder mit langj\u00e4hriger Erfahrung in der IT-Branche als Berater und Projektmanager. <\/p>\n\n\n\n<p style=\"font-size:25px\">Haben Sie Kunden oder Interessenten, die Sie mit unserem Verfahren zur Einsparung von Heizenergie bekanntmachen m\u00f6chten? Nehmen Sie Kontakt mit uns auf, wir haben gute und interessante Angebote f\u00fcr Vertriebspartner. <\/p>\n\n\n\n<h4 class=\"gb-headline gb-headline-4d335f97 gb-headline-text\">Wir freuen uns \u00fcber alle, die mit uns den Vertrieb aufbauen.<\/h4>\n\n\n\n<h4 class=\"gb-headline gb-headline-d91639dd gb-headline-text\"><a href=\"mailto:info@nunceo.com\">info@nunceo.com<\/a><\/h4>\n\n\n\n<a class=\"gb-button gb-button-59634779 gb-button-text\" href=\"https:\/\/nunceo.com\/de\/contact\/\">KONTAKT<\/a>\n\n<\/div><\/div>\n<\/div>\n<\/div>\n<\/div>","protected":false},"excerpt":{"rendered":"","protected":false},"author":3,"featured_media":0,"parent":0,"menu_order":0,"comment_status":"closed","ping_status":"closed","template":"","meta":{"footnotes":""},"class_list":["post-21","page","type-page","status-publish"],"jetpack_sharing_enabled":true,"_links":{"self":[{"href":"https:\/\/nunceo.com\/de\/wp-json\/wp\/v2\/pages\/21","targetHints":{"allow":["GET"]}}],"collection":[{"href":"https:\/\/nunceo.com\/de\/wp-json\/wp\/v2\/pages"}],"about":[{"href":"https:\/\/nunceo.com\/de\/wp-json\/wp\/v2\/types\/page"}],"author":[{"embeddable":true,"href":"https:\/\/nunceo.com\/de\/wp-json\/wp\/v2\/users\/3"}],"replies":[{"embeddable":true,"href":"https:\/\/nunceo.com\/de\/wp-json\/wp\/v2\/comments?post=21"}],"version-history":[{"count":9,"href":"https:\/\/nunceo.com\/de\/wp-json\/wp\/v2\/pages\/21\/revisions"}],"predecessor-version":[{"id":1254,"href":"https:\/\/nunceo.com\/de\/wp-json\/wp\/v2\/pages\/21\/revisions\/1254"}],"wp:attachment":[{"href":"https:\/\/nunceo.com\/de\/wp-json\/wp\/v2\/media?parent=21"}],"curies":[{"name":"wp","href":"https:\/\/api.w.org\/{rel}","templated":true}]}}