{"id":22,"date":"2023-08-21T15:05:21","date_gmt":"2023-08-21T13:05:21","guid":{"rendered":"https:\/\/nunceo.com\/?page_id=22"},"modified":"2024-03-01T15:23:41","modified_gmt":"2024-03-01T14:23:41","slug":"faq","status":"publish","type":"page","link":"https:\/\/nunceo.com\/de\/faq\/","title":{"rendered":"H\u00e4ufige Fragen"},"content":{"rendered":"<div class=\"gb-container gb-container-2d082796\">\n<div class=\"gb-container gb-container-2b810310\">\n\n<h1 class=\"gb-headline gb-headline-f99e7cde gb-headline-text\">H\u00e4ufige Fragen<\/h1>\n\n\n\n<h2 class=\"gb-headline gb-headline-522d8fd0 gb-headline-text\">In case you question is not here, please do not hesitate to contact us at <a href=\"mailto:info@nunceo.com\"><strong>info@nunceo.com<\/strong><\/a><\/h2>\n\n\n<div class=\"search-in-place-box-container  search-in-place-box-container-custom-design\"><form role=\"search\" method=\"get\" class=\"search-form\" action=\"https:\/\/nunceo.com\/de\/\" data-trp-original-action=\"https:\/\/nunceo.com\/de\/\">\n\t\t\t\t<label>\n\t\t\t\t\t<span class=\"screen-reader-text\">Suche nach:<\/span>\n\t\t\t\t\t<input type=\"search\" class=\"search-field\" placeholder=\"Search FAQ\" value=\"\" name=\"s\" data-search-in-place=\"1\" data-search-in-page=\"1\" \/>\n\t\t\t\t<\/label>\n\t\t\t\t<input type=\"submit\" class=\"search-submit\" value=\"Suchen\" \/>\n\t\t\t<input type=\"hidden\" name=\"search_in_place_form\" value=\"1\"><input type=\"hidden\" name=\"trp-form-language\" value=\"de\"\/><\/form><\/div>\n\n\n<div style=\"height:40px\" aria-hidden=\"true\" class=\"wp-block-spacer\"><\/div>\n\n\n<div class=\"gb-container gb-container-b583b4b1 gb-accordion\">\n<div class=\"gb-container gb-container-655458df gb-accordion__item\" data-transition=\"slide\">\n\n<button class=\"gb-button gb-button-4b8362fb gb-accordion__toggle\"><span class=\"gb-button-text\">Wie lange kann EndoTherm im Heizungssystem bleiben?<\/span><span class=\"gb-icon\"><svg xmlns=\"http:\/\/www.w3.org\/2000\/svg\" viewbox=\"0 0 448 512\" width=\"1em\" height=\"1em\" ariahidden=\"true\" role=\"img\" class=\"gb-accordion__icon\"><path d=\"M416 208H272V64c0-17.67-14.33-32-32-32h-32c-17.67 0-32 14.33-32 32v144H32c-17.67 0-32 14.33-32 32v32c0 17.67 14.33 32 32 32h144v144c0 17.67 14.33 32 32 32h32c17.67 0 32-14.33 32-32V304h144c17.67 0 32-14.33 32-32v-32c0-17.67-14.33-32-32-32z\" fill=\"currentColor\"><\/path><\/svg><svg xmlns=\"http:\/\/www.w3.org\/2000\/svg\" viewbox=\"0 0 448 512\" width=\"1em\" height=\"1em\" ariahidden=\"true\" role=\"img\" class=\"gb-accordion__icon-open\"><path d=\"M416 208H32c-17.67 0-32 14.33-32 32v32c0 17.67 14.33 32 32 32h384c17.67 0 32-14.33 32-32v-32c0-17.67-14.33-32-32-32z\" fill=\"currentColor\"><\/path><\/svg><\/span><\/button>\n\n\n<div class=\"gb-accordion__content\"><div class=\"gb-container gb-container-f2cccc15\">\n\n<p>Untersuchungen haben gezeigt, dass EndoTherm stabil bleibt und in einem geschlossenen Heizkreislauf \u00fcber 10 Jahre in einer funktionsf\u00e4higen Konzentration aufrechterhalten werden kann. Sollte ein signifikanter Fl\u00fcssigkeitsverlust durch Leckagen oder Wartungsarbeiten (und anschlie\u00dfendes Nachf\u00fcllen von Wasser) zu einer Verd\u00fcnnung f\u00fchren, sollte die Konzentration von EndoTherm wieder hergestellt werden.<\/p>\n\n<\/div><\/div>\n<\/div>\n\n<div class=\"gb-container gb-container-a5591e9d gb-accordion__item\" data-transition=\"slide\">\n\n<button class=\"gb-button gb-button-6dbe7dd6 gb-accordion__toggle\"><span class=\"gb-button-text\">Kann EndoTherm mit oder ohne anderen Inhibitoren und Reiniger arbeiten?<\/span><span class=\"gb-icon\"><svg xmlns=\"http:\/\/www.w3.org\/2000\/svg\" viewbox=\"0 0 448 512\" width=\"1em\" height=\"1em\" ariahidden=\"true\" role=\"img\" class=\"gb-accordion__icon\"><path d=\"M416 208H272V64c0-17.67-14.33-32-32-32h-32c-17.67 0-32 14.33-32 32v144H32c-17.67 0-32 14.33-32 32v32c0 17.67 14.33 32 32 32h144v144c0 17.67 14.33 32 32 32h32c17.67 0 32-14.33 32-32V304h144c17.67 0 32-14.33 32-32v-32c0-17.67-14.33-32-32-32z\" fill=\"currentColor\"><\/path><\/svg><svg xmlns=\"http:\/\/www.w3.org\/2000\/svg\" viewbox=\"0 0 448 512\" width=\"1em\" height=\"1em\" ariahidden=\"true\" role=\"img\" class=\"gb-accordion__icon-open\"><path d=\"M416 208H32c-17.67 0-32 14.33-32 32v32c0 17.67 14.33 32 32 32h384c17.67 0 32-14.33 32-32v-32c0-17.67-14.33-32-32-32z\" fill=\"currentColor\"><\/path><\/svg><\/span><\/button>\n\n\n<div class=\"gb-accordion__content\"><div class=\"gb-container gb-container-9a45a66a\">\n\n<p>EndoTherm erg\u00e4nzt Inhibitorprodukte. Dies gilt sowohl f\u00fcr Systeme, die bereits mit einem Inhibitor dosiert sind oder in denen ein Inhibitor nach der Installation von EndoTherm eingef\u00fchrt wird. EndoTherm hat selbst einige Inhibitoreigenschaften und funktioniert ohne Probleme neben anderen Inhibitoren.<\/p>\n\n<\/div><\/div>\n<\/div>\n\n<div class=\"gb-container gb-container-587a71e3 gb-accordion__item\" data-transition=\"slide\">\n\n<button class=\"gb-button gb-button-ac4f4f2d gb-accordion__toggle\"><span class=\"gb-button-text\">Entspricht EndoTherm den Europ\u00e4ischen Zulassungen?<\/span><span class=\"gb-icon\"><svg xmlns=\"http:\/\/www.w3.org\/2000\/svg\" viewbox=\"0 0 448 512\" width=\"1em\" height=\"1em\" ariahidden=\"true\" role=\"img\" class=\"gb-accordion__icon\"><path d=\"M416 208H272V64c0-17.67-14.33-32-32-32h-32c-17.67 0-32 14.33-32 32v144H32c-17.67 0-32 14.33-32 32v32c0 17.67 14.33 32 32 32h144v144c0 17.67 14.33 32 32 32h32c17.67 0 32-14.33 32-32V304h144c17.67 0 32-14.33 32-32v-32c0-17.67-14.33-32-32-32z\" fill=\"currentColor\"><\/path><\/svg><svg xmlns=\"http:\/\/www.w3.org\/2000\/svg\" viewbox=\"0 0 448 512\" width=\"1em\" height=\"1em\" ariahidden=\"true\" role=\"img\" class=\"gb-accordion__icon-open\"><path d=\"M416 208H32c-17.67 0-32 14.33-32 32v32c0 17.67 14.33 32 32 32h384c17.67 0 32-14.33 32-32v-32c0-17.67-14.33-32-32-32z\" fill=\"currentColor\"><\/path><\/svg><\/span><\/button>\n\n\n<div class=\"gb-accordion__content\"><div class=\"gb-container gb-container-8e855246\">\n\n<p>EndoTherm entspricht der VDI 2035, auf die die DIN 12828 verweist. F\u00fcr \u00d6sterreich ist die \u00d6NORM H 5195-1 und f\u00fcr die Schweiz die SWKI BT 102-01.<\/p>\n\n<\/div><\/div>\n<\/div>\n\n<div class=\"gb-container gb-container-d834f8c1 gb-accordion__item\" data-transition=\"slide\">\n\n<button class=\"gb-button gb-button-155ab517 gb-accordion__toggle\"><span class=\"gb-button-text\">Wie lange dauert das Einf\u00fcllen von EndoTherm?<\/span><span class=\"gb-icon\"><svg xmlns=\"http:\/\/www.w3.org\/2000\/svg\" viewbox=\"0 0 448 512\" width=\"1em\" height=\"1em\" ariahidden=\"true\" role=\"img\" class=\"gb-accordion__icon\"><path d=\"M416 208H272V64c0-17.67-14.33-32-32-32h-32c-17.67 0-32 14.33-32 32v144H32c-17.67 0-32 14.33-32 32v32c0 17.67 14.33 32 32 32h144v144c0 17.67 14.33 32 32 32h32c17.67 0 32-14.33 32-32V304h144c17.67 0 32-14.33 32-32v-32c0-17.67-14.33-32-32-32z\" fill=\"currentColor\"><\/path><\/svg><svg xmlns=\"http:\/\/www.w3.org\/2000\/svg\" viewbox=\"0 0 448 512\" width=\"1em\" height=\"1em\" ariahidden=\"true\" role=\"img\" class=\"gb-accordion__icon-open\"><path d=\"M416 208H32c-17.67 0-32 14.33-32 32v32c0 17.67 14.33 32 32 32h384c17.67 0 32-14.33 32-32v-32c0-17.67-14.33-32-32-32z\" fill=\"currentColor\"><\/path><\/svg><\/span><\/button>\n\n\n<div class=\"gb-accordion__content\"><div class=\"gb-container gb-container-141bd047\">\n\n<p>Ein Fachmann kann EndoTherm innerhalb von 15 Minuten in das Heizungssystem einf\u00fcllen. Wir rechnen mit kurzer Besprechung, Einf\u00fcllen und Dokumentation maximal 1 Stunde.<\/p>\n\n<\/div><\/div>\n<\/div>\n\n<div class=\"gb-container gb-container-ba59a254 gb-accordion__item\" data-transition=\"slide\">\n\n<button class=\"gb-button gb-button-5f37d281 gb-accordion__toggle\"><span class=\"gb-button-text\">Muss die Heizung zum Einf\u00fcllen abgeschaltet werden?<\/span><span class=\"gb-icon\"><svg xmlns=\"http:\/\/www.w3.org\/2000\/svg\" viewbox=\"0 0 448 512\" width=\"1em\" height=\"1em\" ariahidden=\"true\" role=\"img\" class=\"gb-accordion__icon\"><path d=\"M416 208H272V64c0-17.67-14.33-32-32-32h-32c-17.67 0-32 14.33-32 32v144H32c-17.67 0-32 14.33-32 32v32c0 17.67 14.33 32 32 32h144v144c0 17.67 14.33 32 32 32h32c17.67 0 32-14.33 32-32V304h144c17.67 0 32-14.33 32-32v-32c0-17.67-14.33-32-32-32z\" fill=\"currentColor\"><\/path><\/svg><svg xmlns=\"http:\/\/www.w3.org\/2000\/svg\" viewbox=\"0 0 448 512\" width=\"1em\" height=\"1em\" ariahidden=\"true\" role=\"img\" class=\"gb-accordion__icon-open\"><path d=\"M416 208H32c-17.67 0-32 14.33-32 32v32c0 17.67 14.33 32 32 32h384c17.67 0 32-14.33 32-32v-32c0-17.67-14.33-32-32-32z\" fill=\"currentColor\"><\/path><\/svg><\/span><\/button>\n\n\n<div class=\"gb-accordion__content\"><div class=\"gb-container gb-container-0d8398b2\">\n\n<p>Das Einf\u00fcllen erfolgt im laufenden Betrieb. Die Heizungsanlage wird dazu nicht abgeschaltet.<\/p>\n\n<\/div><\/div>\n<\/div>\n<\/div>\n\n<div class=\"gb-container gb-container-0ae7d88b gb-accordion\">\n<div class=\"gb-container gb-container-f32a7854 gb-accordion__item\" data-transition=\"slide\">\n\n<button class=\"gb-button gb-button-8744b09e gb-accordion__toggle\"><span class=\"gb-button-text\">Funktioniert EndoTherm in jedem Heizsystem?<\/span><span class=\"gb-icon\"><svg class=\"gb-accordion__icon\" height=\"1em\" width=\"1em\" viewbox=\"0 0 448 512\" xmlns=\"http:\/\/www.w3.org\/2000\/svg\"><path fill=\"currentColor\" d=\"M416 208H272V64c0-17.67-14.33-32-32-32h-32c-17.67 0-32 14.33-32 32v144H32c-17.67 0-32 14.33-32 32v32c0 17.67 14.33 32 32 32h144v144c0 17.67 14.33 32 32 32h32c17.67 0 32-14.33 32-32V304h144c17.67 0 32-14.33 32-32v-32c0-17.67-14.33-32-32-32z\"><\/path><\/svg><svg class=\"gb-accordion__icon-open\" height=\"1em\" width=\"1em\" viewbox=\"0 0 448 512\" xmlns=\"http:\/\/www.w3.org\/2000\/svg\"><path fill=\"currentColor\" d=\"M416 208H32c-17.67 0-32 14.33-32 32v32c0 17.67 14.33 32 32 32h384c17.67 0 32-14.33 32-32v-32c0-17.67-14.33-32-32-32z\"><\/path><\/svg><\/span><\/button>\n\n\n<div class=\"gb-accordion__content\"><div class=\"gb-container gb-container-3e1f9b4d\">\n\n<p>Ja, EndoTherm kann in jeder Art von Heizungsanlage verwendet werden, die mit Wasser arbeitet. Es spielt keine Rolle, ob Sie eine \u00d6l-, Gas- oder Pelletheizung, Fernw\u00e4rme oder eine W\u00e4rmepumpe verwenden.<\/p>\n\n<\/div><\/div>\n<\/div>\n<\/div>\n\n<div class=\"gb-container gb-container-bf15b76a gb-accordion\">\n<div class=\"gb-container gb-container-f152bbc7 gb-accordion__item\" data-transition=\"slide\">\n\n<button class=\"gb-button gb-button-2dd67000 gb-accordion__toggle\"><span class=\"gb-button-text\">Beeintr\u00e4chtigt EndoTherm die Garantie f\u00fcr meine Heizungsanlage?<\/span><span class=\"gb-icon\"><svg class=\"gb-accordion__icon\" height=\"1em\" width=\"1em\" viewbox=\"0 0 448 512\" xmlns=\"http:\/\/www.w3.org\/2000\/svg\"><path fill=\"currentColor\" d=\"M416 208H272V64c0-17.67-14.33-32-32-32h-32c-17.67 0-32 14.33-32 32v144H32c-17.67 0-32 14.33-32 32v32c0 17.67 14.33 32 32 32h144v144c0 17.67 14.33 32 32 32h32c17.67 0 32-14.33 32-32V304h144c17.67 0 32-14.33 32-32v-32c0-17.67-14.33-32-32-32z\"><\/path><\/svg><svg class=\"gb-accordion__icon-open\" height=\"1em\" width=\"1em\" viewbox=\"0 0 448 512\" xmlns=\"http:\/\/www.w3.org\/2000\/svg\"><path fill=\"currentColor\" d=\"M416 208H32c-17.67 0-32 14.33-32 32v32c0 17.67 14.33 32 32 32h384c17.67 0 32-14.33 32-32v-32c0-17.67-14.33-32-32-32z\"><\/path><\/svg><\/span><\/button>\n\n\n<div class=\"gb-accordion__content\"><div class=\"gb-container gb-container-5ff7cd86\">\n\n<p>Nein, namhafte Heizungshersteller haben best\u00e4tigt, dass der Einbau von EndoTherm ihre Garantie nicht beeintr\u00e4chtigt. Auch f\u00fcr EndoTherm liegt eine Konformit\u00e4tserkl\u00e4rung des Herstellers vor. Bei der empfohlenen Dosierung hat EndoTherm keinen negativen Einfluss auf die Konformit\u00e4t des Heizungswassers nach VDI 2035 und damit auch nicht auf die Gew\u00e4hrleistung der Heizungsanlage.<\/p>\n\n<\/div><\/div>\n<\/div>\n<\/div>\n\n<div class=\"gb-container gb-container-eb315e6d gb-accordion\">\n<div class=\"gb-container gb-container-46bcc981 gb-accordion__item\" data-transition=\"slide\">\n\n<button class=\"gb-button gb-button-f596cf72 gb-accordion__toggle\"><span class=\"gb-button-text\">Wie werden die durch EndoTherm erzielten Einsparungen nachgewiesen?<\/span><span class=\"gb-icon\"><svg class=\"gb-accordion__icon\" height=\"1em\" width=\"1em\" viewbox=\"0 0 448 512\" xmlns=\"http:\/\/www.w3.org\/2000\/svg\"><path fill=\"currentColor\" d=\"M416 208H272V64c0-17.67-14.33-32-32-32h-32c-17.67 0-32 14.33-32 32v144H32c-17.67 0-32 14.33-32 32v32c0 17.67 14.33 32 32 32h144v144c0 17.67 14.33 32 32 32h32c17.67 0 32-14.33 32-32V304h144c17.67 0 32-14.33 32-32v-32c0-17.67-14.33-32-32-32z\"><\/path><\/svg><svg class=\"gb-accordion__icon-open\" height=\"1em\" width=\"1em\" viewbox=\"0 0 448 512\" xmlns=\"http:\/\/www.w3.org\/2000\/svg\"><path fill=\"currentColor\" d=\"M416 208H32c-17.67 0-32 14.33-32 32v32c0 17.67 14.33 32 32 32h384c17.67 0 32-14.33 32-32v-32c0-17.67-14.33-32-32-32z\"><\/path><\/svg><\/span><\/button>\n\n\n<div class=\"gb-accordion__content\"><div class=\"gb-container gb-container-3702d2b0\">\n\n<p>Die Einsparungen durch EndoTherm von bis zu 15 % wurden in Labortests von Enertek International best\u00e4tigt. Auch der britische Energy Saving Trust unterst\u00fctzt diese Einsparungen, und viele Fallstudien weltweit belegen die Wirksamkeit von EndoTherm. Einige dieser Fallstudien finden Sie in unserem Referenzbereich und wir stellen Ihnen bei Bedarf gerne weitere zur Verf\u00fcgung.<\/p>\n\n<\/div><\/div>\n<\/div>\n<\/div>\n\n<div class=\"gb-container gb-container-6f9f45b1 gb-accordion\">\n<div class=\"gb-container gb-container-59f3a6bf gb-accordion__item\" data-transition=\"slide\">\n\n<button class=\"gb-button gb-button-eef50e17 gb-accordion__toggle\"><span class=\"gb-button-text\">Kann ich EndoTherm nur in neuen Heizungsanlagen verwenden?<\/span><span class=\"gb-icon\"><svg class=\"gb-accordion__icon\" height=\"1em\" width=\"1em\" viewbox=\"0 0 448 512\" xmlns=\"http:\/\/www.w3.org\/2000\/svg\"><path fill=\"currentColor\" d=\"M416 208H272V64c0-17.67-14.33-32-32-32h-32c-17.67 0-32 14.33-32 32v144H32c-17.67 0-32 14.33-32 32v32c0 17.67 14.33 32 32 32h144v144c0 17.67 14.33 32 32 32h32c17.67 0 32-14.33 32-32V304h144c17.67 0 32-14.33 32-32v-32c0-17.67-14.33-32-32-32z\"><\/path><\/svg><svg class=\"gb-accordion__icon-open\" height=\"1em\" width=\"1em\" viewbox=\"0 0 448 512\" xmlns=\"http:\/\/www.w3.org\/2000\/svg\"><path fill=\"currentColor\" d=\"M416 208H32c-17.67 0-32 14.33-32 32v32c0 17.67 14.33 32 32 32h384c17.67 0 32-14.33 32-32v-32c0-17.67-14.33-32-32-32z\"><\/path><\/svg><\/span><\/button>\n\n\n<div class=\"gb-accordion__content\"><div class=\"gb-container gb-container-0fd01d1f\">\n\n<p>Nein, das Produkt kann problemlos in bestehende Heizungsanlagen eingef\u00fcllt werden, unabh\u00e4ngig davon, ob die Anlage neu ist oder schon l\u00e4nger in Betrieb ist.<\/p>\n\n<\/div><\/div>\n<\/div>\n<\/div>\n\n<div class=\"gb-container gb-container-4e4676c3 gb-accordion\">\n<div class=\"gb-container gb-container-8b4750a6 gb-accordion__item\" data-transition=\"slide\">\n\n<button class=\"gb-button gb-button-bfbabb22 gb-accordion__toggle\"><span class=\"gb-button-text\">Kann EndoTherm mit W\u00e4rmepumpen verwendet werden?<\/span><span class=\"gb-icon\"><svg class=\"gb-accordion__icon\" height=\"1em\" width=\"1em\" viewbox=\"0 0 448 512\" xmlns=\"http:\/\/www.w3.org\/2000\/svg\"><path fill=\"currentColor\" d=\"M416 208H272V64c0-17.67-14.33-32-32-32h-32c-17.67 0-32 14.33-32 32v144H32c-17.67 0-32 14.33-32 32v32c0 17.67 14.33 32 32 32h144v144c0 17.67 14.33 32 32 32h32c17.67 0 32-14.33 32-32V304h144c17.67 0 32-14.33 32-32v-32c0-17.67-14.33-32-32-32z\"><\/path><\/svg><svg class=\"gb-accordion__icon-open\" height=\"1em\" width=\"1em\" viewbox=\"0 0 448 512\" xmlns=\"http:\/\/www.w3.org\/2000\/svg\"><path fill=\"currentColor\" d=\"M416 208H32c-17.67 0-32 14.33-32 32v32c0 17.67 14.33 32 32 32h384c17.67 0 32-14.33 32-32v-32c0-17.67-14.33-32-32-32z\"><\/path><\/svg><\/span><\/button>\n\n\n<div class=\"gb-accordion__content\"><div class=\"gb-container gb-container-165206e2\">\n\n<p>Ja, das Produkt hat sich als geeignete und wirksame L\u00f6sung zur Energieeinsparung bei Erdw\u00e4rmepumpen (GSHP), Wasserw\u00e4rmepumpen (WSHP), Luftw\u00e4rmepumpen (ASHP) und Fernw\u00e4rmeanwendungen erwiesen.<\/p>\n\n<\/div><\/div>\n<\/div>\n<\/div>\n\n<div class=\"gb-container gb-container-14610b8d gb-accordion\">\n<div class=\"gb-container gb-container-090d3554 gb-accordion__item\" data-transition=\"slide\">\n\n<button class=\"gb-button gb-button-d229bf3d gb-accordion__toggle\"><span class=\"gb-button-text\">Kann EndoTherm in der Fernw\u00e4rme verwendet werden?<\/span><span class=\"gb-icon\"><svg class=\"gb-accordion__icon\" height=\"1em\" width=\"1em\" viewbox=\"0 0 448 512\" xmlns=\"http:\/\/www.w3.org\/2000\/svg\"><path fill=\"currentColor\" d=\"M416 208H272V64c0-17.67-14.33-32-32-32h-32c-17.67 0-32 14.33-32 32v144H32c-17.67 0-32 14.33-32 32v32c0 17.67 14.33 32 32 32h144v144c0 17.67 14.33 32 32 32h32c17.67 0 32-14.33 32-32V304h144c17.67 0 32-14.33 32-32v-32c0-17.67-14.33-32-32-32z\"><\/path><\/svg><svg class=\"gb-accordion__icon-open\" height=\"1em\" width=\"1em\" viewbox=\"0 0 448 512\" xmlns=\"http:\/\/www.w3.org\/2000\/svg\"><path fill=\"currentColor\" d=\"M416 208H32c-17.67 0-32 14.33-32 32v32c0 17.67 14.33 32 32 32h384c17.67 0 32-14.33 32-32v-32c0-17.67-14.33-32-32-32z\"><\/path><\/svg><\/span><\/button>\n\n\n<div class=\"gb-accordion__content\"><div class=\"gb-container gb-container-52870567\">\n\n<p>Ja, das Produkt hat sich als geeignete und wirksame L\u00f6sung zur Energieeinsparung bei Erdw\u00e4rmepumpen (GSHP), Wasserw\u00e4rmepumpen (WSHP), Luftw\u00e4rmepumpen (ASHP) und Fernw\u00e4rmeanwendungen erwiesen.<\/p>\n\n<\/div><\/div>\n<\/div>\n<\/div>\n\n<div class=\"gb-container gb-container-f52b4aa9 gb-accordion\">\n<div class=\"gb-container gb-container-e9b43d58 gb-accordion__item\" data-transition=\"slide\">\n\n<button class=\"gb-button gb-button-7db7dc5f gb-accordion__toggle\"><span class=\"gb-button-text\">Ich habe mehrere Geb\u00e4ude und w\u00fcrde gerne ein Pilotprojekt in einem meiner Geb\u00e4ude durchf\u00fchren. Ist das m\u00f6glich?<\/span><span class=\"gb-icon\"><svg class=\"gb-accordion__icon\" height=\"1em\" width=\"1em\" viewbox=\"0 0 448 512\" xmlns=\"http:\/\/www.w3.org\/2000\/svg\"><path fill=\"currentColor\" d=\"M416 208H272V64c0-17.67-14.33-32-32-32h-32c-17.67 0-32 14.33-32 32v144H32c-17.67 0-32 14.33-32 32v32c0 17.67 14.33 32 32 32h144v144c0 17.67 14.33 32 32 32h32c17.67 0 32-14.33 32-32V304h144c17.67 0 32-14.33 32-32v-32c0-17.67-14.33-32-32-32z\"><\/path><\/svg><svg class=\"gb-accordion__icon-open\" height=\"1em\" width=\"1em\" viewbox=\"0 0 448 512\" xmlns=\"http:\/\/www.w3.org\/2000\/svg\"><path fill=\"currentColor\" d=\"M416 208H32c-17.67 0-32 14.33-32 32v32c0 17.67 14.33 32 32 32h384c17.67 0 32-14.33 32-32v-32c0-17.67-14.33-32-32-32z\"><\/path><\/svg><\/span><\/button>\n\n\n<div class=\"gb-accordion__content\"><div class=\"gb-container gb-container-d9deb54d\">\n\n<p>Ja, wir k\u00f6nnen ein Pilotprojekt in einem Ihrer Geb\u00e4ude durchf\u00fchren, bei dem Sie die Auswirkungen von EndoTherm analytisch nachweisen k\u00f6nnen. Bitte kontaktieren Sie uns f\u00fcr weitere Informationen.<\/p>\n\n<\/div><\/div>\n<\/div>\n<\/div>\n<\/div>\n<\/div>","protected":false},"excerpt":{"rendered":"<p>FAQ In case you question is not here, please do not hesitate to contact us at info@nunceo.com Research has shown that EndoTherm remains stable and is able to sustain at a functional concentration within a closed heating system circuit for 10+ years provided no significant fluid loss (and subsequent refilling causing EndoTherm dilution) has occurred &#8230; <a title=\"H\u00e4ufige Fragen\" class=\"read-more\" href=\"https:\/\/nunceo.com\/de\/faq\/\" aria-label=\"Mehr zu FAQ\">Weiterlesen &#8230;<\/a><\/p>","protected":false},"author":3,"featured_media":0,"parent":0,"menu_order":0,"comment_status":"closed","ping_status":"closed","template":"","meta":{"footnotes":""},"class_list":["post-22","page","type-page","status-publish"],"jetpack_sharing_enabled":true,"_links":{"self":[{"href":"https:\/\/nunceo.com\/de\/wp-json\/wp\/v2\/pages\/22","targetHints":{"allow":["GET"]}}],"collection":[{"href":"https:\/\/nunceo.com\/de\/wp-json\/wp\/v2\/pages"}],"about":[{"href":"https:\/\/nunceo.com\/de\/wp-json\/wp\/v2\/types\/page"}],"author":[{"embeddable":true,"href":"https:\/\/nunceo.com\/de\/wp-json\/wp\/v2\/users\/3"}],"replies":[{"embeddable":true,"href":"https:\/\/nunceo.com\/de\/wp-json\/wp\/v2\/comments?post=22"}],"version-history":[{"count":10,"href":"https:\/\/nunceo.com\/de\/wp-json\/wp\/v2\/pages\/22\/revisions"}],"predecessor-version":[{"id":1241,"href":"https:\/\/nunceo.com\/de\/wp-json\/wp\/v2\/pages\/22\/revisions\/1241"}],"wp:attachment":[{"href":"https:\/\/nunceo.com\/de\/wp-json\/wp\/v2\/media?parent=22"}],"curies":[{"name":"wp","href":"https:\/\/api.w.org\/{rel}","templated":true}]}}