{"id":863,"date":"2023-09-03T21:31:52","date_gmt":"2023-09-03T19:31:52","guid":{"rendered":"https:\/\/nunceo.com\/?page_id=863"},"modified":"2023-10-09T13:59:38","modified_gmt":"2023-10-09T11:59:38","slug":"colleg-gewn-campus","status":"publish","type":"page","link":"https:\/\/nunceo.com\/de\/case-studies\/colleg-gewn-campus\/","title":{"rendered":"Coleg Gewn campus"},"content":{"rendered":"<div class=\"gb-container gb-container-34dcaf1c\">\n<div class=\"gb-container gb-container-d2054917\">\n\n<h1 class=\"gb-headline gb-headline-5be8b29b gb-headline-text\"><strong>Coleg Gewn Campus<\/strong> 13,6 <strong>%<\/strong><\/h1>\n\n\n\n<p>Coleg Gwent ist das gr\u00f6\u00dfte Weiterbildungscollege von Wales. EndoTherm wurde im Februar und M\u00e4rz 2019 an den vier Hauptstandorten des Coleg Gwent (Ebbw Vale, Usk, Newport und Crosskeys) eingef\u00fchrt.<\/p>\n\n\n\n<p>Im Rahmen des Einf\u00fchrungsprojekts wurden insgesamt 26 Geb\u00e4ude mit EndoTherm behandelt.<\/p>\n\n\n\n<p>Ein Jahr nach der Installation wurde eine \u00dcberpr\u00fcfung der Leistung von EndoTherm an sechs Standorten durchgef\u00fchrt. Die Standorte wurden ausgew\u00e4hlt, da sie die st\u00e4rkste Regression aufwiesen und daher f\u00fcr einen Vergleich geeignet waren.&nbsp;<\/p>\n\n\n\n<p>Der Analysezeitraum nach der EndoTherm-Einf\u00fchrung ergab, dass die sechs Standorte durchschnittlich 13,6 % im Vergleich zum vorherigen Ausgangswert einsparten.<\/p>\n\n<\/div>\n<\/div>","protected":false},"excerpt":{"rendered":"<p>Coleg Gewn Campus 13,6 % Coleg Gwent is Wales\u2019s largest further education college.&nbsp;EndoTherm was rolled out across Coleg Gwent\u2019s four main campuses (Ebbw Vale, Usk, Newport and Crosskeys) in February and March 2019. A total of 26 buildings were dosed with EndoTherm as part of the roll-out project. One year after the installation a review &#8230; <a title=\"Coleg Gewn campus\" class=\"read-more\" href=\"https:\/\/nunceo.com\/de\/case-studies\/colleg-gewn-campus\/\" aria-label=\"Mehr zu Coleg Gewn campus\">Weiterlesen &#8230;<\/a><\/p>","protected":false},"author":3,"featured_media":0,"parent":19,"menu_order":0,"comment_status":"closed","ping_status":"closed","template":"","meta":{"footnotes":""},"class_list":["post-863","page","type-page","status-publish"],"jetpack_sharing_enabled":true,"_links":{"self":[{"href":"https:\/\/nunceo.com\/de\/wp-json\/wp\/v2\/pages\/863","targetHints":{"allow":["GET"]}}],"collection":[{"href":"https:\/\/nunceo.com\/de\/wp-json\/wp\/v2\/pages"}],"about":[{"href":"https:\/\/nunceo.com\/de\/wp-json\/wp\/v2\/types\/page"}],"author":[{"embeddable":true,"href":"https:\/\/nunceo.com\/de\/wp-json\/wp\/v2\/users\/3"}],"replies":[{"embeddable":true,"href":"https:\/\/nunceo.com\/de\/wp-json\/wp\/v2\/comments?post=863"}],"version-history":[{"count":5,"href":"https:\/\/nunceo.com\/de\/wp-json\/wp\/v2\/pages\/863\/revisions"}],"predecessor-version":[{"id":1025,"href":"https:\/\/nunceo.com\/de\/wp-json\/wp\/v2\/pages\/863\/revisions\/1025"}],"up":[{"embeddable":true,"href":"https:\/\/nunceo.com\/de\/wp-json\/wp\/v2\/pages\/19"}],"wp:attachment":[{"href":"https:\/\/nunceo.com\/de\/wp-json\/wp\/v2\/media?parent=863"}],"curies":[{"name":"wp","href":"https:\/\/api.w.org\/{rel}","templated":true}]}}