{"id":866,"date":"2023-09-03T21:34:18","date_gmt":"2023-09-03T19:34:18","guid":{"rendered":"https:\/\/nunceo.com\/?page_id=866"},"modified":"2023-09-28T13:31:54","modified_gmt":"2023-09-28T11:31:54","slug":"pastoral-healthcare","status":"publish","type":"page","link":"https:\/\/nunceo.com\/de\/pastoral-healthcare\/","title":{"rendered":"Seelsorgerische Betreuung"},"content":{"rendered":"<div class=\"gb-container gb-container-2bbaa496\">\n<div class=\"gb-container gb-container-50f049c5\">\n\n<h1 class=\"gb-headline gb-headline-d69cd567 gb-headline-text\"><strong>Seelsorgerische Gesundheitsf\u00fcrsorge 15.6%<\/strong><\/h1>\n\n\n\n<p>Die Leistung von EndoTherm wurde von Pastoral Healthcare im Ty Catrin Care Home in Cardiff, Wales, erprobt.<\/p>\n\n\n\n<p>Ty Catrin ist eine niedrig gesicherte Einrichtung f\u00fcr M\u00e4nner und Frauen mit psychischen Erkrankungen und Pers\u00f6nlichkeitsst\u00f6rungen, die eine mittelfristige Unterbringung und eine genesungsorientierte Spezialbehandlung ben\u00f6tigen, um mit einer Betreuung eine Rehabilitationsbehandlung zu erhalten.<\/p>\n\n\n\n<p>Das Pflegeheim besteht aus f\u00fcnf separaten Einheiten, die jeweils \u00fcber einen Garten verf\u00fcgen, und umfasst Wohnungen vor der Entlassung, Gemeinschaftswohnungen f\u00fcr das Personal und betreute Einzelwohnungen.<\/p>\n\n\n\n<p>Die Installation von EndoTherm in der Einrichtung erfolgte im November 2013.<\/p>\n\n\n\n<p>Pflegeheime m\u00fcssen den Bewohnern ein komfortables und sicheres Umfeld bieten, das ihre spezifischen gesundheitlichen Bedingungen und Bed\u00fcrfnisse ber\u00fccksichtigt. Das Gleichgewicht zwischen Energieeffizienz und der Aufrechterhaltung einer angemessenen Innentemperatur kann eine Herausforderung sein, insbesondere wenn einige Bewohner f\u00fcr ihr Wohlbefinden h\u00f6here Temperaturen ben\u00f6tigen.<\/p>\n\n\n\n<p>EndoTherm hat w\u00e4hrend des Analysezeitraums erhebliche Energieeinsparungen bei der Raumheizung erzielt und die prognostizierten Einsparungen beeindrucken Pastoral Healthcare weiterhin. Die Verbesserung der Effizienz war trotz der besonderen Anforderungen an die Pflege der Bewohner von Ty Catrin m\u00f6glich.&nbsp;<\/p>\n\n\n\n<h3 class=\"wp-block-heading\">Im Laufe von 5 Jahren wird das Ty Catrin Care Home durch den Einsatz von EndoTherm voraussichtlich 11.040 kg CO\u2082 einsparen.<\/h3>\n\n<\/div>\n<\/div>","protected":false},"excerpt":{"rendered":"<p>Pastoral Healthcare 15.6% The performance of EndoTherm was piloted by Pastoral Healthcare at Ty Catrin Care Home in Cardiff, Wales. Ty Catrin provides a low secure mental illness and personality disorder service for men and women who require a medium-term placement and recovery-orientated specialist treatment to progress on their care pathway towards rehabilitation care. The &#8230; <a title=\"Seelsorgerische Betreuung\" class=\"read-more\" href=\"https:\/\/nunceo.com\/de\/pastoral-healthcare\/\" aria-label=\"Mehr zu Pastoral Healthcare\">Weiterlesen &#8230;<\/a><\/p>","protected":false},"author":3,"featured_media":0,"parent":0,"menu_order":0,"comment_status":"closed","ping_status":"closed","template":"","meta":{"footnotes":""},"class_list":["post-866","page","type-page","status-publish"],"jetpack_sharing_enabled":true,"_links":{"self":[{"href":"https:\/\/nunceo.com\/de\/wp-json\/wp\/v2\/pages\/866","targetHints":{"allow":["GET"]}}],"collection":[{"href":"https:\/\/nunceo.com\/de\/wp-json\/wp\/v2\/pages"}],"about":[{"href":"https:\/\/nunceo.com\/de\/wp-json\/wp\/v2\/types\/page"}],"author":[{"embeddable":true,"href":"https:\/\/nunceo.com\/de\/wp-json\/wp\/v2\/users\/3"}],"replies":[{"embeddable":true,"href":"https:\/\/nunceo.com\/de\/wp-json\/wp\/v2\/comments?post=866"}],"version-history":[{"count":4,"href":"https:\/\/nunceo.com\/de\/wp-json\/wp\/v2\/pages\/866\/revisions"}],"predecessor-version":[{"id":967,"href":"https:\/\/nunceo.com\/de\/wp-json\/wp\/v2\/pages\/866\/revisions\/967"}],"wp:attachment":[{"href":"https:\/\/nunceo.com\/de\/wp-json\/wp\/v2\/media?parent=866"}],"curies":[{"name":"wp","href":"https:\/\/api.w.org\/{rel}","templated":true}]}}