{"id":869,"date":"2023-09-03T21:35:55","date_gmt":"2023-09-03T19:35:55","guid":{"rendered":"https:\/\/nunceo.com\/?page_id=869"},"modified":"2023-09-05T19:56:43","modified_gmt":"2023-09-05T17:56:43","slug":"global-bank","status":"publish","type":"page","link":"https:\/\/nunceo.com\/de\/case-studies\/global-bank\/","title":{"rendered":"Weltweite Bank"},"content":{"rendered":"<div class=\"gb-container gb-container-4c817cd2\">\n<div class=\"gb-container gb-container-1e3fb18a\">\n\n<h1 class=\"gb-headline gb-headline-ff425918 gb-headline-text\"><strong>Global Bank 13.0%<\/strong><\/h1>\n\n\n\n<p>Eine bekannte globale Bank- und Finanzdienstleistungsgruppe f\u00fchrte EndoTherm in ihrem gesamten britischen Portfolio ein, das aus 488 Filialen, 22 B\u00fcros und 6 Mehrzweckgeb\u00e4uden besteht.<\/p>\n\n\n\n<p>In Zusammenarbeit mit Jones Lang LaSalle (JLL), einem weltweit t\u00e4tigen Immobilienunternehmen, wurde die EndoTherm-Installation im Rahmen eines mehrj\u00e4hrigen Energieeinsparungsprojekts schrittweise in allen Filialen und Bankgeb\u00e4uden im Vereinigten K\u00f6nigreich eingef\u00fchrt.<\/p>\n\n\n\n<p>Die Bank, die mehr als 40 000 Mitarbeiter besch\u00e4ftigt und fast 15 Millionen Kunden im Vereinigten K\u00f6nigreich betreut, hat sich das Nachhaltigkeitsziel gesetzt, bis zum Jahr 2030 keine Kohlenstoffemissionen mehr zu produzieren. Das EndoTherm-Projekt ist Teil dieser Nachhaltigkeitsstrategie und reduziert die Scope-1-Emissionen in allen Bankgeb\u00e4ude um bis zu 15 %.<\/p>\n\n<\/div>\n<\/div>","protected":false},"excerpt":{"rendered":"<p>Global Bank 13.0% A well known global bank and financial services group rolled out EndoTherm across its UK portfolio which consists of 488 branches, 22 offices and 6 multi-use buildings. In conjunction with Jones Lang LaSalle (JLL), a global real estate company, the EndoTherm installation was rolled out in stages across every branch and bank &#8230; <a title=\"Weltweite Bank\" class=\"read-more\" href=\"https:\/\/nunceo.com\/de\/case-studies\/global-bank\/\" aria-label=\"Mehr zu Global Bank\">Weiterlesen &#8230;<\/a><\/p>","protected":false},"author":3,"featured_media":0,"parent":19,"menu_order":0,"comment_status":"closed","ping_status":"closed","template":"","meta":{"footnotes":""},"class_list":["post-869","page","type-page","status-publish"],"jetpack_sharing_enabled":true,"_links":{"self":[{"href":"https:\/\/nunceo.com\/de\/wp-json\/wp\/v2\/pages\/869","targetHints":{"allow":["GET"]}}],"collection":[{"href":"https:\/\/nunceo.com\/de\/wp-json\/wp\/v2\/pages"}],"about":[{"href":"https:\/\/nunceo.com\/de\/wp-json\/wp\/v2\/types\/page"}],"author":[{"embeddable":true,"href":"https:\/\/nunceo.com\/de\/wp-json\/wp\/v2\/users\/3"}],"replies":[{"embeddable":true,"href":"https:\/\/nunceo.com\/de\/wp-json\/wp\/v2\/comments?post=869"}],"version-history":[{"count":2,"href":"https:\/\/nunceo.com\/de\/wp-json\/wp\/v2\/pages\/869\/revisions"}],"predecessor-version":[{"id":911,"href":"https:\/\/nunceo.com\/de\/wp-json\/wp\/v2\/pages\/869\/revisions\/911"}],"up":[{"embeddable":true,"href":"https:\/\/nunceo.com\/de\/wp-json\/wp\/v2\/pages\/19"}],"wp:attachment":[{"href":"https:\/\/nunceo.com\/de\/wp-json\/wp\/v2\/media?parent=869"}],"curies":[{"name":"wp","href":"https:\/\/api.w.org\/{rel}","templated":true}]}}