{"id":871,"date":"2023-09-03T21:37:22","date_gmt":"2023-09-03T19:37:22","guid":{"rendered":"https:\/\/nunceo.com\/?page_id=871"},"modified":"2023-10-09T14:10:54","modified_gmt":"2023-10-09T12:10:54","slug":"singleton-hospital-day","status":"publish","type":"page","link":"https:\/\/nunceo.com\/de\/case-studies\/singleton-hospital-day\/","title":{"rendered":"Singleton Hospital Tagesklinik"},"content":{"rendered":"<div class=\"gb-container gb-container-63a1743d\">\n<div class=\"gb-container gb-container-aeab3fc3\">\n\n<h1 class=\"gb-headline gb-headline-66b986fe gb-headline-text\"><strong>Singleton Hospital Day Surgery Unit 18.6% <\/strong><\/h1>\n\n\n\n<p>Die Leistung von EndoTherm wurde von der NHS Swansea Bay UHB in der Tagesklinik des Singleton Hospital getestet.<\/p>\n\n\n\n<p>Das 2005 errichtete Krankenhausgeb\u00e4ude, in dem zwei Operationss\u00e4le und ein Aufwachraum mit 24 Betten untergebracht sind, wird mit 3 105-kW-Kesseln \u00fcber Stahlplattenheizk\u00f6rper beheizt.<\/p>\n\n\n\n<p>EndoTherm wurde im Januar 2020 installiert.<\/p>\n\n\n\n<p>Die Senkung des Heizungsverbrauchs in Krankenh\u00e4usern, insbesondere in Tageskliniken, ist eine schwierige Aufgabe, da eine komfortable und sichere Umgebung f\u00fcr die Patienten aufrechterhalten werden muss, medizinische Ger\u00e4te st\u00e4ndig in Betrieb sind, die Betriebszeiten verl\u00e4ngert werden, die Geb\u00e4udestrukturen komplex sind und strenge Vorschriften eingehalten werden m\u00fcssen.<\/p>\n\n\n\n<p>EndoTherm war in der Lage, trotz dieser Einschr\u00e4nkungen erhebliche Energieeinsparungen bei der Raumheizung in der Tagesklinik des Singleton Hospital zu erzielen.&nbsp;<\/p>\n\n<\/div>\n<\/div>","protected":false},"excerpt":{"rendered":"<p>Singleton Hospital Day Surgery Unit 18.6% The performance of EndoTherm was piloted by the NHS Swansea Bay UHB in the Singleton Hospital Day Surgery Unit. The hospital building, built in 2005 and housing two operating theatres and a 24-bed recovery suite, with pre-assessment facilities and staff support spaces, is heated by 3 x 105kW boilers &#8230; <a title=\"Singleton Hospital Tagesklinik\" class=\"read-more\" href=\"https:\/\/nunceo.com\/de\/case-studies\/singleton-hospital-day\/\" aria-label=\"Mehr zu Singleton Hospital Day\">Weiterlesen &#8230;<\/a><\/p>","protected":false},"author":3,"featured_media":0,"parent":19,"menu_order":0,"comment_status":"closed","ping_status":"closed","template":"","meta":{"footnotes":""},"class_list":["post-871","page","type-page","status-publish"],"jetpack_sharing_enabled":true,"_links":{"self":[{"href":"https:\/\/nunceo.com\/de\/wp-json\/wp\/v2\/pages\/871","targetHints":{"allow":["GET"]}}],"collection":[{"href":"https:\/\/nunceo.com\/de\/wp-json\/wp\/v2\/pages"}],"about":[{"href":"https:\/\/nunceo.com\/de\/wp-json\/wp\/v2\/types\/page"}],"author":[{"embeddable":true,"href":"https:\/\/nunceo.com\/de\/wp-json\/wp\/v2\/users\/3"}],"replies":[{"embeddable":true,"href":"https:\/\/nunceo.com\/de\/wp-json\/wp\/v2\/comments?post=871"}],"version-history":[{"count":4,"href":"https:\/\/nunceo.com\/de\/wp-json\/wp\/v2\/pages\/871\/revisions"}],"predecessor-version":[{"id":1026,"href":"https:\/\/nunceo.com\/de\/wp-json\/wp\/v2\/pages\/871\/revisions\/1026"}],"up":[{"embeddable":true,"href":"https:\/\/nunceo.com\/de\/wp-json\/wp\/v2\/pages\/19"}],"wp:attachment":[{"href":"https:\/\/nunceo.com\/de\/wp-json\/wp\/v2\/media?parent=871"}],"curies":[{"name":"wp","href":"https:\/\/api.w.org\/{rel}","templated":true}]}}