{"id":873,"date":"2023-09-03T21:39:00","date_gmt":"2023-09-03T19:39:00","guid":{"rendered":"https:\/\/nunceo.com\/?page_id=873"},"modified":"2023-09-05T20:06:06","modified_gmt":"2023-09-05T18:06:06","slug":"boarding-school","status":"publish","type":"page","link":"https:\/\/nunceo.com\/de\/case-studies\/boarding-school\/","title":{"rendered":"Internat"},"content":{"rendered":"<div class=\"gb-container gb-container-44ce004e\">\n<div class=\"gb-container gb-container-2df91bd6\">\n\n<h1 class=\"gb-headline gb-headline-4dea11a3 gb-headline-text\"><strong>Boarding School (Internat) 13.7%<\/strong><\/h1>\n\n\n\n<p>Die Leistung von EndoTherm wurde von einer unabh\u00e4ngigen Schule in einem Internat erprobt.<\/p>\n\n\n\n<p>Das 1981 erbaute Wohnheim wird mit 3 x 65-kW-Kesseln \u00fcber eine Mischung aus Guss- und Stahlplattenheizk\u00f6rpern beheizt. EndoTherm wurde im Dezember 2019 installiert.<\/p>\n\n\n\n<p>Wohnheime haben oft eine gro\u00dfe Anzahl von Bewohnern, darunter Studenten und Mitarbeiter. Es kann eine Herausforderung sein, das Energieverbrauchsverhalten der Bewohner zu \u00e4ndern, da die einzelnen Personen unterschiedliche Komfortvorlieben und Gewohnheiten haben. EndoTherm erm\u00f6glicht Einsparungen, ohne dass das Verhalten der Bewohner ge\u00e4ndert werden muss.<\/p>\n\n\n\n<p>Wohnheime verf\u00fcgen in der Regel \u00fcber gemeinsam genutzte R\u00e4ume wie Gemeinschaftsr\u00e4ume, K\u00fcchen und B\u00e4der. Die Sicherstellung einer effizienten Heizung in diesen Bereichen kann aufgrund unterschiedlicher Belegungsgrade und Nutzungsmuster eine Herausforderung darstellen. EndoTherm bietet trotz dieser Herausforderungen Verbesserungen bei der Effizienz der Raumheizung.<\/p>\n\n<\/div>\n<\/div>","protected":false},"excerpt":{"rendered":"<p>Boarding School 13.7% The performance of EndoTherm was piloted by an Independent School in a boarding house. The residential boarding house, built in 1981, is heated by 3 x&nbsp; 65kW boilers via a mix of cast iron and steel panel radiators. EndoTherm was installed in December 2019. Boarding houses often have a large number of &#8230; <a title=\"Internat\" class=\"read-more\" href=\"https:\/\/nunceo.com\/de\/case-studies\/boarding-school\/\" aria-label=\"Mehr zu Boarding school\">Weiterlesen &#8230;<\/a><\/p>","protected":false},"author":3,"featured_media":0,"parent":19,"menu_order":0,"comment_status":"closed","ping_status":"closed","template":"","meta":{"footnotes":""},"class_list":["post-873","page","type-page","status-publish"],"jetpack_sharing_enabled":true,"_links":{"self":[{"href":"https:\/\/nunceo.com\/de\/wp-json\/wp\/v2\/pages\/873","targetHints":{"allow":["GET"]}}],"collection":[{"href":"https:\/\/nunceo.com\/de\/wp-json\/wp\/v2\/pages"}],"about":[{"href":"https:\/\/nunceo.com\/de\/wp-json\/wp\/v2\/types\/page"}],"author":[{"embeddable":true,"href":"https:\/\/nunceo.com\/de\/wp-json\/wp\/v2\/users\/3"}],"replies":[{"embeddable":true,"href":"https:\/\/nunceo.com\/de\/wp-json\/wp\/v2\/comments?post=873"}],"version-history":[{"count":2,"href":"https:\/\/nunceo.com\/de\/wp-json\/wp\/v2\/pages\/873\/revisions"}],"predecessor-version":[{"id":914,"href":"https:\/\/nunceo.com\/de\/wp-json\/wp\/v2\/pages\/873\/revisions\/914"}],"up":[{"embeddable":true,"href":"https:\/\/nunceo.com\/de\/wp-json\/wp\/v2\/pages\/19"}],"wp:attachment":[{"href":"https:\/\/nunceo.com\/de\/wp-json\/wp\/v2\/media?parent=873"}],"curies":[{"name":"wp","href":"https:\/\/api.w.org\/{rel}","templated":true}]}}