{"id":876,"date":"2023-09-03T21:41:39","date_gmt":"2023-09-03T19:41:39","guid":{"rendered":"https:\/\/nunceo.com\/?page_id=876"},"modified":"2023-09-05T20:08:16","modified_gmt":"2023-09-05T18:08:16","slug":"rhondda-county","status":"publish","type":"page","link":"https:\/\/nunceo.com\/de\/case-studies\/rhondda-county\/","title":{"rendered":"Grafschaft Rhondda"},"content":{"rendered":"<div class=\"gb-container gb-container-162c0f0d\">\n<div class=\"gb-container gb-container-7f34bf4b\">\n\n<h1 class=\"gb-headline gb-headline-0f0792f0 gb-headline-text\"><strong>Grafschaft Rhondda<\/strong> <strong>15.0%<\/strong><\/h1>\n\n\n\n<p>Der Rhondda Cynon Taf County Borough Council (RCTCBC) ist das Regierungsorgan f\u00fcr Rhondda Cynon Taf, eine der Principal Areas von Wales.<\/p>\n\n\n\n<p>Der am 1. April 1996 gegr\u00fcndete Grafschaftsbezirk besteht aus f\u00fcnf T\u00e4lern, darunter Rhondda Fawr, Rhondda Fach, Cynon, Taf und Ely, mit einer Bev\u00f6lkerung von 238.306 Menschen (Volksz\u00e4hlung 2016).<\/p>\n\n\n\n<p>Das RCTCBC ist bestrebt, so energieeffizient wie m\u00f6glich zu sein und setzt eine Reihe von energiesparenden Produkten und L\u00f6sungen ein, um bis 2030 eine CO2-neutrale Beh\u00f6rde zu werden.<\/p>\n\n\n\n<p>Nach einer Reihe erfolgreicher Pilotprojekte beschloss das RCTCBC, EndoTherm in seinem gesamten Immobilienbestand einzuf\u00fchren.<\/p>\n\n<\/div>\n<\/div>","protected":false},"excerpt":{"rendered":"<p>Rhondda County 15.0% Rhondda Cynon Taf County Borough Council (RCTCBC) is the governing body for Rhondda Cynon Taf, one of the Principal Areas of Wales. The county borough, founded on 1st April 1996, consists of five valleys; including Rhondda Fawr, Rhondda Fach, Cynon, Taf and Ely with a population of 238,306 people (Mid-Year Census 2016). &#8230; <a title=\"Grafschaft Rhondda\" class=\"read-more\" href=\"https:\/\/nunceo.com\/de\/case-studies\/rhondda-county\/\" aria-label=\"Mehr zu Rhondda County\">Weiterlesen &#8230;<\/a><\/p>","protected":false},"author":3,"featured_media":0,"parent":19,"menu_order":0,"comment_status":"closed","ping_status":"closed","template":"","meta":{"footnotes":""},"class_list":["post-876","page","type-page","status-publish"],"jetpack_sharing_enabled":true,"_links":{"self":[{"href":"https:\/\/nunceo.com\/de\/wp-json\/wp\/v2\/pages\/876","targetHints":{"allow":["GET"]}}],"collection":[{"href":"https:\/\/nunceo.com\/de\/wp-json\/wp\/v2\/pages"}],"about":[{"href":"https:\/\/nunceo.com\/de\/wp-json\/wp\/v2\/types\/page"}],"author":[{"embeddable":true,"href":"https:\/\/nunceo.com\/de\/wp-json\/wp\/v2\/users\/3"}],"replies":[{"embeddable":true,"href":"https:\/\/nunceo.com\/de\/wp-json\/wp\/v2\/comments?post=876"}],"version-history":[{"count":4,"href":"https:\/\/nunceo.com\/de\/wp-json\/wp\/v2\/pages\/876\/revisions"}],"predecessor-version":[{"id":917,"href":"https:\/\/nunceo.com\/de\/wp-json\/wp\/v2\/pages\/876\/revisions\/917"}],"up":[{"embeddable":true,"href":"https:\/\/nunceo.com\/de\/wp-json\/wp\/v2\/pages\/19"}],"wp:attachment":[{"href":"https:\/\/nunceo.com\/de\/wp-json\/wp\/v2\/media?parent=876"}],"curies":[{"name":"wp","href":"https:\/\/api.w.org\/{rel}","templated":true}]}}