{"id":880,"date":"2023-09-03T21:45:33","date_gmt":"2023-09-03T19:45:33","guid":{"rendered":"https:\/\/nunceo.com\/?page_id=880"},"modified":"2023-09-05T20:10:07","modified_gmt":"2023-09-05T18:10:07","slug":"university-of-st-andrew","status":"publish","type":"page","link":"https:\/\/nunceo.com\/de\/case-studies\/university-of-st-andrew\/","title":{"rendered":"Universit\u00e4t St Andrew"},"content":{"rendered":"<div class=\"gb-container gb-container-a0a13fe6\">\n<div class=\"gb-container gb-container-6279e64f\">\n\n<h1 class=\"gb-headline gb-headline-4e7d9b01 gb-headline-text\"><strong>Universit\u00e4t St Andrew<\/strong> <strong>14.9%<\/strong><\/h1>\n\n\n\n<p>Die Leistung von EndoTherm wurde von der Universit\u00e4t von St. Andrews im Geb\u00e4ude der Old Burgh School in St. Andrews getestet.<\/p>\n\n\n\n<p>Die Old Burgh School wird von zwei 95-kW-Kesseln \u00fcber Plattenheizk\u00f6rper aus Stahl beheizt.<\/p>\n\n\n\n<p>EndoTherm wurde im April 2018 installiert.<\/p>\n\n\n\n<p>Die Senkung des Energieverbrauchs f\u00fcr die Raumheizung in einem alten Schulgeb\u00e4ude bringt mehrere Herausforderungen mit sich. Erstens k\u00f6nnen \u00e4ltere Geb\u00e4ude eine veraltete Isolierung und ineffiziente Heizungssysteme aufweisen, was zu erheblichen W\u00e4rmeverlusten f\u00fchrt. Zweitens haben alte Schulgeb\u00e4ude oft komplexe Grundrisse mit mehreren R\u00e4umen und Stockwerken, was eine gleichm\u00e4\u00dfige Beheizung des gesamten Geb\u00e4udes erschwert. Es kann eine Herausforderung sein, den Heizbedarf der verschiedenen Bereiche und Belegungsmuster auszugleichen.<\/p>\n\n\n\n<p>Ungeachtet dieser Einschr\u00e4nkungen konnte EndoTherm zweistellige Energieeinsparungen bei der Raumheizung nachweisen, ohne die Bausubstanz oder den Betrieb des alten Schulgeb\u00e4udes zu ver\u00e4ndern.&nbsp;<\/p>\n\n<\/div>\n<\/div>","protected":false},"excerpt":{"rendered":"<p>University of St Andrew 14.9% The performance of EndoTherm was piloted by the University of St Andrews in The Old Burgh School building in St Andrews. The Old Burgh School is heated by two 95kW boilers via steel panel radiators. EndoTherm was installed in April 2018. Reducing space heating energy consumption in an old school &#8230; <a title=\"Universit\u00e4t St Andrew\" class=\"read-more\" href=\"https:\/\/nunceo.com\/de\/case-studies\/university-of-st-andrew\/\" aria-label=\"Mehr zu University of St Andrew\">Weiterlesen &#8230;<\/a><\/p>","protected":false},"author":3,"featured_media":0,"parent":19,"menu_order":0,"comment_status":"closed","ping_status":"closed","template":"","meta":{"footnotes":""},"class_list":["post-880","page","type-page","status-publish"],"jetpack_sharing_enabled":true,"_links":{"self":[{"href":"https:\/\/nunceo.com\/de\/wp-json\/wp\/v2\/pages\/880","targetHints":{"allow":["GET"]}}],"collection":[{"href":"https:\/\/nunceo.com\/de\/wp-json\/wp\/v2\/pages"}],"about":[{"href":"https:\/\/nunceo.com\/de\/wp-json\/wp\/v2\/types\/page"}],"author":[{"embeddable":true,"href":"https:\/\/nunceo.com\/de\/wp-json\/wp\/v2\/users\/3"}],"replies":[{"embeddable":true,"href":"https:\/\/nunceo.com\/de\/wp-json\/wp\/v2\/comments?post=880"}],"version-history":[{"count":2,"href":"https:\/\/nunceo.com\/de\/wp-json\/wp\/v2\/pages\/880\/revisions"}],"predecessor-version":[{"id":919,"href":"https:\/\/nunceo.com\/de\/wp-json\/wp\/v2\/pages\/880\/revisions\/919"}],"up":[{"embeddable":true,"href":"https:\/\/nunceo.com\/de\/wp-json\/wp\/v2\/pages\/19"}],"wp:attachment":[{"href":"https:\/\/nunceo.com\/de\/wp-json\/wp\/v2\/media?parent=880"}],"curies":[{"name":"wp","href":"https:\/\/api.w.org\/{rel}","templated":true}]}}