{"id":890,"date":"2023-09-04T21:08:44","date_gmt":"2023-09-04T19:08:44","guid":{"rendered":"https:\/\/nunceo.com\/?page_id=890"},"modified":"2023-09-05T20:14:58","modified_gmt":"2023-09-05T18:14:58","slug":"university-of-northampton","status":"publish","type":"page","link":"https:\/\/nunceo.com\/de\/case-studies\/university-of-northampton\/","title":{"rendered":"Universit\u00e4t von Northampton"},"content":{"rendered":"<div class=\"gb-container gb-container-e0f81fc8\">\n<div class=\"gb-container gb-container-1201d2ed\">\n\n<h1 class=\"gb-headline gb-headline-c56c462b gb-headline-text\"><strong>Universit\u00e4t von Northampton<\/strong> <strong>14.9%<\/strong><\/h1>\n\n\n\n<p>Die Leistung von EndoTherm wurde von der University of Northampton im Newton Building getestet.<\/p>\n\n\n\n<p>Der Standort wird mit zwei 250-kW-Kesseln beheizt. EndoTherm wurde im Januar 2018 installiert.<\/p>\n\n\n\n<p>Das Newton Building ist ein denkmalgesch\u00fctztes Geb\u00e4ude der Kategorie II, das von historischer und architektonischer Bedeutung ist. Die Erhaltung der urspr\u00fcnglichen Merkmale des Geb\u00e4udes und die Wahrung seines historischen Wertes sind von entscheidender Bedeutung. Alle Energiesparma\u00dfnahmen m\u00fcssen sorgf\u00e4ltig durchgef\u00fchrt werden, um eine Besch\u00e4digung oder Ver\u00e4nderung der historischen Bausubstanz oder des Aussehens des Geb\u00e4udes zu vermeiden. EndoTherm erfordert keine Ver\u00e4nderungen der Bausubstanz oder des Aussehens des Geb\u00e4udes, es wird einfach in das bereits in Betrieb befindliche Heizsystem eingebracht.<\/p>\n\n\n\n<p>Historische Geb\u00e4ude haben oft einzigartige architektonische Elemente, wie z. B. verzierte Fenster, dekorative Fassaden oder komplizierte Dacheindeckungen, die bei der Verbesserung des Energieverbrauchs f\u00fcr die Raumheizung eine Herausforderung darstellen k\u00f6nnen. EndoTherm erm\u00f6glichte Einsparungen, ohne dass die Geb\u00e4udeh\u00fclle zur Verringerung der W\u00e4rmeverluste modernisiert werden musste.<\/p>\n\n<\/div>\n<\/div>","protected":false},"excerpt":{"rendered":"<p>University of Northampton 14.9% The performance of EndoTherm was piloted by the University of Northampton at the Newton Building. The site is heated by two 250kW boilers. EndoTherm was installed in January 2018. The Newton Building is a&nbsp;Grade II Listed Building which holds historical and architectural significance. Preserving the building\u2019s original features and maintaining its &#8230; <a title=\"Universit\u00e4t von Northampton\" class=\"read-more\" href=\"https:\/\/nunceo.com\/de\/case-studies\/university-of-northampton\/\" aria-label=\"Mehr zu University of Northampton\">Weiterlesen &#8230;<\/a><\/p>","protected":false},"author":3,"featured_media":0,"parent":19,"menu_order":0,"comment_status":"closed","ping_status":"closed","template":"","meta":{"footnotes":""},"class_list":["post-890","page","type-page","status-publish"],"jetpack_sharing_enabled":true,"_links":{"self":[{"href":"https:\/\/nunceo.com\/de\/wp-json\/wp\/v2\/pages\/890","targetHints":{"allow":["GET"]}}],"collection":[{"href":"https:\/\/nunceo.com\/de\/wp-json\/wp\/v2\/pages"}],"about":[{"href":"https:\/\/nunceo.com\/de\/wp-json\/wp\/v2\/types\/page"}],"author":[{"embeddable":true,"href":"https:\/\/nunceo.com\/de\/wp-json\/wp\/v2\/users\/3"}],"replies":[{"embeddable":true,"href":"https:\/\/nunceo.com\/de\/wp-json\/wp\/v2\/comments?post=890"}],"version-history":[{"count":2,"href":"https:\/\/nunceo.com\/de\/wp-json\/wp\/v2\/pages\/890\/revisions"}],"predecessor-version":[{"id":923,"href":"https:\/\/nunceo.com\/de\/wp-json\/wp\/v2\/pages\/890\/revisions\/923"}],"up":[{"embeddable":true,"href":"https:\/\/nunceo.com\/de\/wp-json\/wp\/v2\/pages\/19"}],"wp:attachment":[{"href":"https:\/\/nunceo.com\/de\/wp-json\/wp\/v2\/media?parent=890"}],"curies":[{"name":"wp","href":"https:\/\/api.w.org\/{rel}","templated":true}]}}