{"id":892,"date":"2023-09-04T21:12:11","date_gmt":"2023-09-04T19:12:11","guid":{"rendered":"https:\/\/nunceo.com\/?page_id=892"},"modified":"2023-09-05T20:16:14","modified_gmt":"2023-09-05T18:16:14","slug":"university-of-surry","status":"publish","type":"page","link":"https:\/\/nunceo.com\/de\/case-studies\/university-of-surry\/","title":{"rendered":"Universit\u00e4t von Surry"},"content":{"rendered":"<div class=\"gb-container gb-container-ec650a0b\">\n<div class=\"gb-container gb-container-653b858c\">\n\n<h1 class=\"gb-headline gb-headline-5025c3b0 gb-headline-text\"><strong>Universit\u00e4t von Surry<\/strong> <strong>11.9%<\/strong><\/h1>\n\n\n\n<p>Die Leistung von EndoTherm wurde von der Universit\u00e4t Surrey im Wohnheim Twyford Court getestet.<\/p>\n\n\n\n<p>Der Twyford Court Block C ist einer von neun Bl\u00f6cken, aus denen der Komplex besteht. Jeder Block ist identisch und verf\u00fcgt \u00fcber 36 Zimmer und 3 K\u00fcchen auf drei Etagen. Jeder Block verf\u00fcgt auch \u00fcber zwei Heizkessel, einen mit einer Leistung von 67,6 kW und einen zweiten mit einer Leistung von 46,4 kW.<\/p>\n\n\n\n<p>Von den neun verf\u00fcgbaren Bl\u00f6cken wurden drei f\u00fcr die Analyse ausgew\u00e4hlt, da sie durchgehend genutzt wurden. In einem der Bl\u00f6cke (Court C) wurde EndoTherm installiert, die beiden anderen Bl\u00f6cke (Court E und D) wurden zum Vergleich unver\u00e4ndert gelassen.<\/p>\n\n\n\n<p>W\u00e4hrend des Vergleichszeitraums verzeichneten die beiden Kontrollstandorte (\"Court E\" und \"Court D\") einen Anstieg der kompensierten Nutzung um 4,8 % (Court E) bzw. 0,3 % (Court D) zwischen den beiden Zeitr\u00e4umen.<\/p>\n\n\n\n<p>Der mit EndoTherm behandelte Block (\"Court C\") wies im gleichen Zeitraum einen um 11,9 % geringeren Gasverbrauch auf.&nbsp;<\/p>\n\n<\/div>\n<\/div>","protected":false},"excerpt":{"rendered":"<p>University of Surry 11.9% The performance of EndoTherm was piloted within the Twyford Court halls of residence by the University of Surrey. The Twyford Court block C is one of nine that make up the complex. Each block is identical and has 36 bedrooms and 3 kitchens over three floors. Each block also features two &#8230; <a title=\"Universit\u00e4t von Surry\" class=\"read-more\" href=\"https:\/\/nunceo.com\/de\/case-studies\/university-of-surry\/\" aria-label=\"Mehr zu University of Surry\">Weiterlesen &#8230;<\/a><\/p>","protected":false},"author":3,"featured_media":0,"parent":19,"menu_order":0,"comment_status":"closed","ping_status":"closed","template":"","meta":{"footnotes":""},"class_list":["post-892","page","type-page","status-publish"],"jetpack_sharing_enabled":true,"_links":{"self":[{"href":"https:\/\/nunceo.com\/de\/wp-json\/wp\/v2\/pages\/892","targetHints":{"allow":["GET"]}}],"collection":[{"href":"https:\/\/nunceo.com\/de\/wp-json\/wp\/v2\/pages"}],"about":[{"href":"https:\/\/nunceo.com\/de\/wp-json\/wp\/v2\/types\/page"}],"author":[{"embeddable":true,"href":"https:\/\/nunceo.com\/de\/wp-json\/wp\/v2\/users\/3"}],"replies":[{"embeddable":true,"href":"https:\/\/nunceo.com\/de\/wp-json\/wp\/v2\/comments?post=892"}],"version-history":[{"count":2,"href":"https:\/\/nunceo.com\/de\/wp-json\/wp\/v2\/pages\/892\/revisions"}],"predecessor-version":[{"id":924,"href":"https:\/\/nunceo.com\/de\/wp-json\/wp\/v2\/pages\/892\/revisions\/924"}],"up":[{"embeddable":true,"href":"https:\/\/nunceo.com\/de\/wp-json\/wp\/v2\/pages\/19"}],"wp:attachment":[{"href":"https:\/\/nunceo.com\/de\/wp-json\/wp\/v2\/media?parent=892"}],"curies":[{"name":"wp","href":"https:\/\/api.w.org\/{rel}","templated":true}]}}