{"id":898,"date":"2023-09-05T19:30:08","date_gmt":"2023-09-05T17:30:08","guid":{"rendered":"https:\/\/nunceo.com\/?page_id=898"},"modified":"2023-09-05T20:12:55","modified_gmt":"2023-09-05T18:12:55","slug":"independent-school-academic-building","status":"publish","type":"page","link":"https:\/\/nunceo.com\/de\/case-studies\/independent-school-academic-building\/","title":{"rendered":"Akademisches Geb\u00e4ude einer unabh\u00e4ngigen Schule"},"content":{"rendered":"<div class=\"gb-container gb-container-354792b1\">\n<div class=\"gb-container gb-container-4cb1efd3\">\n\n<h1 class=\"gb-headline gb-headline-7fbe9ccf gb-headline-text\"><strong>Akademisches Geb\u00e4ude einer unabh\u00e4ngigen Schule<\/strong> <strong>12.5%<\/strong><\/h1>\n\n\n\n<p>Die Leistung von EndoTherm wurde von einer freien Schule in einem akademischen Geb\u00e4ude getestet.<\/p>\n\n\n\n<p>Das in den 1970er Jahren erbaute Schulgeb\u00e4ude wird mit 3 x 86,5-kW-Kesseln \u00fcber eine Mischung aus Guss- und Stahlplattenheizk\u00f6rpern beheizt. EndoTherm wurde im Dezember 2019 installiert.<\/p>\n\n\n\n<p>Viele \u00f6ffentliche Schulen im Vereinigten K\u00f6nigreich verf\u00fcgen \u00fcber historische Geb\u00e4ude, deren Infrastruktur veraltet sein kann und die je nach Nutzung unterschiedlich stark genutzt werden. Es ist m\u00f6glich, dass diese Geb\u00e4ude nicht ausreichend isoliert sind oder zugige Fenstern und T\u00fcren haben. EndoTherm erm\u00f6glicht die Einsparung von Heizungsenergie ohne gro\u00dfe Nachr\u00fcstungsprojekte, die die Struktur oder die Bausubstanz der Geb\u00e4ude ver\u00e4ndern.<\/p>\n\n\n\n<p>Die Komplexit\u00e4t von Schulgeb\u00e4uden und ihre vielf\u00e4ltigen R\u00e4ume, wie Klassenzimmer, Labore, Bibliotheken und Gemeinschaftsr\u00e4ume, k\u00f6nnen zu einem erh\u00f6hten W\u00e4rmebedarf f\u00fchren. EndoTherm reduziert die Nutzung des bestehenden W\u00e4rmebedarfs, ohne den t\u00e4glichen Betrieb der Schule zu st\u00f6ren, selbst w\u00e4hrend der Installation.<\/p>\n\n<\/div>\n<\/div>","protected":false},"excerpt":{"rendered":"<p>Independent School Academic Building 12.5% The performance of EndoTherm was piloted an Independent School in an academic building. The school building, built in the 1970s, is heated by 3 x 86.5kW boilers via a mix of cast iron and steel panel radiators. EndoTherm was installed in December 2019. Many public schools in the UK have &#8230; <a title=\"Akademisches Geb\u00e4ude einer unabh\u00e4ngigen Schule\" class=\"read-more\" href=\"https:\/\/nunceo.com\/de\/case-studies\/independent-school-academic-building\/\" aria-label=\"Mehr zu Independent School Academic Building\">Weiterlesen &#8230;<\/a><\/p>","protected":false},"author":3,"featured_media":0,"parent":19,"menu_order":0,"comment_status":"closed","ping_status":"closed","template":"","meta":{"footnotes":""},"class_list":["post-898","page","type-page","status-publish"],"jetpack_sharing_enabled":true,"_links":{"self":[{"href":"https:\/\/nunceo.com\/de\/wp-json\/wp\/v2\/pages\/898","targetHints":{"allow":["GET"]}}],"collection":[{"href":"https:\/\/nunceo.com\/de\/wp-json\/wp\/v2\/pages"}],"about":[{"href":"https:\/\/nunceo.com\/de\/wp-json\/wp\/v2\/types\/page"}],"author":[{"embeddable":true,"href":"https:\/\/nunceo.com\/de\/wp-json\/wp\/v2\/users\/3"}],"replies":[{"embeddable":true,"href":"https:\/\/nunceo.com\/de\/wp-json\/wp\/v2\/comments?post=898"}],"version-history":[{"count":2,"href":"https:\/\/nunceo.com\/de\/wp-json\/wp\/v2\/pages\/898\/revisions"}],"predecessor-version":[{"id":921,"href":"https:\/\/nunceo.com\/de\/wp-json\/wp\/v2\/pages\/898\/revisions\/921"}],"up":[{"embeddable":true,"href":"https:\/\/nunceo.com\/de\/wp-json\/wp\/v2\/pages\/19"}],"wp:attachment":[{"href":"https:\/\/nunceo.com\/de\/wp-json\/wp\/v2\/media?parent=898"}],"curies":[{"name":"wp","href":"https:\/\/api.w.org\/{rel}","templated":true}]}}