{"id":900,"date":"2023-09-05T19:34:41","date_gmt":"2023-09-05T17:34:41","guid":{"rendered":"https:\/\/nunceo.com\/?page_id=900"},"modified":"2023-09-06T21:20:59","modified_gmt":"2023-09-06T19:20:59","slug":"airport-schotland","status":"publish","type":"page","link":"https:\/\/nunceo.com\/de\/case-studies\/airport-schotland\/","title":{"rendered":"Airport Schotland"},"content":{"rendered":"<div class=\"gb-container gb-container-5719a1fb\">\n<div class=\"gb-container gb-container-aa76942a\">\n\n<h1 class=\"gb-headline gb-headline-8f8b8ca0 gb-headline-text\"><strong>Flughafen Schottland<\/strong> <strong>16.4%\u00a0<\/strong><\/h1>\n\n\n\n<p>EndoTherm wurde in einem Luftverkehrskontrollzentrum in Ayrshire, Schottland, installiert.&nbsp;<\/p>\n\n\n\n<p>Das Prestwick Centre in Ayrshire ist das n\u00f6rdliche B\u00fcro von NATS und wickelt den Luftverkehr in Nordengland, Schottland und im Nordostatlantik ab. Es handelt sich um ein 14.000 Quadratmeter gro\u00dfes, gemischt genutztes Gesch\u00e4ftsgeb\u00e4ude. Die Beheizung des Geb\u00e4udes erfolgt \u00fcber Klimaanlagen und Gebl\u00e4sekonvektoren, die von f\u00fcnf 247,5-kW-Kesseln (mit einer Gesamtleistung von 1 237,5 kW) betrieben werden.<\/p>\n\n\n\n<p>Das System wurde au\u00dferdem mit Inhibitoren und Glykol versetzt, das \u00fcblicherweise als Gefrierschutzmittel verwendet wird. Mit beiden Produkten hat EndoTherm seine Kompatibilit\u00e4t bewiesen.<\/p>\n\n\n\n<p>Ein 8.000 Quadratmeter gro\u00dfer, offener Betriebsraum stellt eine besondere Herausforderungen an die Reduzierung der Heizenergie. Die Aufrechterhaltung einer angenehmen und gleichm\u00e4\u00dfigen Temperatur in einem so gro\u00dfen Raum kann aufgrund der m\u00f6glichen W\u00e4rmeschichtung, der Luftbewegung und der unterschiedlichen Belegung eine Herausforderung darstellen. EndoTherm ist in der Lage, den Energieverbrauch f\u00fcr die Raumheizung unabh\u00e4ngig von diesen Faktoren zu senken.<\/p>\n\n\n\n<p>Die Schaffung eines komfortablen Arbeitsumfelds f\u00fcr das Flugsicherungspersonal ist ebenfalls entscheidend f\u00fcr dessen Wohlbefinden und Produktivit\u00e4t. Es ist nicht einfach, das Heizniveau auszugleichen, um den Komfort der Mitarbeiter zu gew\u00e4hrleisten, ohne unn\u00f6tig Energie zu verbrauchen. EndoTherm sorgt f\u00fcr eine Reduzierung des Energieverbrauchs, ohne den Komfort zu beeintr\u00e4chtigen.<\/p>\n\n<\/div>\n<\/div>","protected":false},"excerpt":{"rendered":"<p>Airport Scotland 16.4%\u00a0 EndoTherm was installed into a NATS air traffic control centre in Ayrshire, Scotland.&nbsp; The Prestwick Centre in Ayrshire is NATS northern office and handles air traffic across northern England, Scotland and out into North East Atlantic. It is a 14,000 square meter mixed use commercial building. The site is heated by air &#8230; <a title=\"Airport Schotland\" class=\"read-more\" href=\"https:\/\/nunceo.com\/de\/case-studies\/airport-schotland\/\" aria-label=\"Mehr zu Airport Schotland\">Weiterlesen &#8230;<\/a><\/p>","protected":false},"author":3,"featured_media":0,"parent":19,"menu_order":0,"comment_status":"closed","ping_status":"closed","template":"","meta":{"footnotes":""},"class_list":["post-900","page","type-page","status-publish"],"jetpack_sharing_enabled":true,"_links":{"self":[{"href":"https:\/\/nunceo.com\/de\/wp-json\/wp\/v2\/pages\/900","targetHints":{"allow":["GET"]}}],"collection":[{"href":"https:\/\/nunceo.com\/de\/wp-json\/wp\/v2\/pages"}],"about":[{"href":"https:\/\/nunceo.com\/de\/wp-json\/wp\/v2\/types\/page"}],"author":[{"embeddable":true,"href":"https:\/\/nunceo.com\/de\/wp-json\/wp\/v2\/users\/3"}],"replies":[{"embeddable":true,"href":"https:\/\/nunceo.com\/de\/wp-json\/wp\/v2\/comments?post=900"}],"version-history":[{"count":3,"href":"https:\/\/nunceo.com\/de\/wp-json\/wp\/v2\/pages\/900\/revisions"}],"predecessor-version":[{"id":952,"href":"https:\/\/nunceo.com\/de\/wp-json\/wp\/v2\/pages\/900\/revisions\/952"}],"up":[{"embeddable":true,"href":"https:\/\/nunceo.com\/de\/wp-json\/wp\/v2\/pages\/19"}],"wp:attachment":[{"href":"https:\/\/nunceo.com\/de\/wp-json\/wp\/v2\/media?parent=900"}],"curies":[{"name":"wp","href":"https:\/\/api.w.org\/{rel}","templated":true}]}}