{"id":904,"date":"2023-09-05T19:36:35","date_gmt":"2023-09-05T17:36:35","guid":{"rendered":"https:\/\/nunceo.com\/?page_id=904"},"modified":"2023-12-19T13:11:26","modified_gmt":"2023-12-19T12:11:26","slug":"whaitebreak-plc","status":"publish","type":"page","link":"https:\/\/nunceo.com\/de\/case-studies\/whaitebreak-plc\/","title":{"rendered":"whitbread plc"},"content":{"rendered":"<div class=\"gb-container gb-container-d8465d87\">\n<div class=\"gb-container gb-container-11872a0f\">\n\n<h1 class=\"gb-headline gb-headline-928e7c46 gb-headline-text\"><strong>Whitbread Plc<\/strong> <strong>13.9%<\/strong><\/h1>\n\n\n\n<p>Whitbread PLC ist Eigent\u00fcmer von Premier Inn, der gr\u00f6\u00dften Hotelmarke des Vereinigten K\u00f6nigreichs mit \u00fcber 820 Hotels und mehr als 80.000 Zimmern. Whitbread besitzt auch andere landesweite Hotels wie Beefeater, Brewers Fayre und Thyme und andere.<\/p>\n\n\n\n<p>Mit fast 30.000 Besch\u00e4ftigten der Hotels und Restaurants im gesamten Vereinigten K\u00f6nigreich und \u00fcber f\u00fcnf Millionen Kunden pro Monat stehen die Menschen im Mittelpunkt der Gesch\u00e4ftst\u00e4tigkeit von Whitbreads. Whitbread sieht es als seine Aufgabe an, den Menschen zu helfen, gut zu leben und zu arbeiten. Mit seinem Nachhaltigkeitsprogramm \"Force for Good\" will das Unternehmen sicherstellen, dass es einen positiven Einfluss auf alle seine Stakeholder und die Welt um uns herum hat. Whitbreads hat bisher gro\u00dfe Fortschritte erzielt und sich langfristige strategische Ziele gesetzt, um diesen Weg fortzusetzen.<\/p>\n\n\n\n<p>Ein Teil dieses Fortschritts war das EndoTherm-Installationsprojekt, bei dem in Zusammenarbeit mit Green Earth Supplies Ltd. das energiesparende Additiv EndoTherm in alle Nassheizsysteme des Whitbread-Portfolios eingef\u00fchrt wurde.<\/p>\n\n<\/div>\n<\/div>","protected":false},"excerpt":{"rendered":"<p>Whitbread Plc 13.9% Whitbread PLC is the owner of Premier Inn, the UK\u2019s biggest hotel brand with over 820 hotels in the UK and over 80,000 rooms. Whitbread also own other nationwide properties such as Beefeater, Brewers Fayre and Thyme amongst others. Employing almost 30,000 people in hotels and restaurants across the UK, and serving &#8230; <a title=\"whitbread plc\" class=\"read-more\" href=\"https:\/\/nunceo.com\/de\/case-studies\/whaitebreak-plc\/\" aria-label=\"Mehr zu whitbread plc\">Weiterlesen &#8230;<\/a><\/p>","protected":false},"author":3,"featured_media":0,"parent":19,"menu_order":0,"comment_status":"closed","ping_status":"closed","template":"","meta":{"footnotes":""},"class_list":["post-904","page","type-page","status-publish"],"jetpack_sharing_enabled":true,"_links":{"self":[{"href":"https:\/\/nunceo.com\/de\/wp-json\/wp\/v2\/pages\/904","targetHints":{"allow":["GET"]}}],"collection":[{"href":"https:\/\/nunceo.com\/de\/wp-json\/wp\/v2\/pages"}],"about":[{"href":"https:\/\/nunceo.com\/de\/wp-json\/wp\/v2\/types\/page"}],"author":[{"embeddable":true,"href":"https:\/\/nunceo.com\/de\/wp-json\/wp\/v2\/users\/3"}],"replies":[{"embeddable":true,"href":"https:\/\/nunceo.com\/de\/wp-json\/wp\/v2\/comments?post=904"}],"version-history":[{"count":6,"href":"https:\/\/nunceo.com\/de\/wp-json\/wp\/v2\/pages\/904\/revisions"}],"predecessor-version":[{"id":1130,"href":"https:\/\/nunceo.com\/de\/wp-json\/wp\/v2\/pages\/904\/revisions\/1130"}],"up":[{"embeddable":true,"href":"https:\/\/nunceo.com\/de\/wp-json\/wp\/v2\/pages\/19"}],"wp:attachment":[{"href":"https:\/\/nunceo.com\/de\/wp-json\/wp\/v2\/media?parent=904"}],"curies":[{"name":"wp","href":"https:\/\/api.w.org\/{rel}","templated":true}]}}