{"id":1117,"date":"2023-11-03T17:18:35","date_gmt":"2023-11-03T16:18:35","guid":{"rendered":"https:\/\/nunceo.com\/?page_id=1117"},"modified":"2023-12-21T20:29:20","modified_gmt":"2023-12-21T19:29:20","slug":"stowe-school-21-9","status":"publish","type":"page","link":"https:\/\/nunceo.com\/fr\/stowe-school-21-9\/","title":{"rendered":"\u00c9cole de Stowe 21,9%"},"content":{"rendered":"<p>Les performances d'EndoTherm ont \u00e9t\u00e9 test\u00e9es dans la centrale de traitement d'air de la piscine de la Stowe School, un internat mixte situ\u00e9 \u00e0 Stowe, dans le Buckinghamshire.<\/p>\n\n\n\n<p>Le projet pilote s'est concentr\u00e9 sur la piscine chauff\u00e9e de 25 m\u00e8tres. La temp\u00e9rature de l'air est r\u00e9gul\u00e9e par une unit\u00e9 de traitement de l'air (AHU) qui est aliment\u00e9e par deux chaudi\u00e8res Ideal de 180 kW fonctionnant au k\u00e9ros\u00e8ne.<\/p>\n\n\n\n<p>Le syst\u00e8me de chauffage est mesur\u00e9 et surveill\u00e9 par un syst\u00e8me t\u00e9l\u00e9m\u00e9trique qui calcule la consommation de k\u00e9ros\u00e8ne \u00e0 des fins de comparaison. L'installation d'EndoTherm a eu lieu en novembre 2015.<\/p>\n\n\n\n<p>Le maintien d'une temp\u00e9rature confortable dans un b\u00e2timent abritant une piscine peut s'av\u00e9rer difficile en raison des pertes de chaleur importantes li\u00e9es aux grands volumes d'eau et aux taux d'\u00e9vaporation \u00e9lev\u00e9s. Le besoin permanent de remplacer la chaleur perdue et de r\u00e9guler la temp\u00e9rature de l'air peut entra\u00eener une augmentation de la consommation d'\u00e9nergie. EndoTherm a cependant fait ses preuves en r\u00e9alisant des \u00e9conomies d'\u00e9nergie significatives dans cette application.<\/p>\n\n\n\n<p class=\"has-base-3-background-color has-background\">En seulement 3 mois d'utilisation d'EndoTherm, l'\u00e9cole de Stowe a \u00e9conomis\u00e9 7 400 kg de CO\u2082e dans le b\u00e2timent de la piscine.<\/p>","protected":false},"excerpt":{"rendered":"<p>The performance of EndoTherm was piloted within the swimming pool Air Handling Unit (AHU) at Stowe School, a co-educational boarding school in Stowe, Buckinghamshire.. The pilot focused on the 25 meter heated swimming pool. The air temperature is regulated by an air handling unit (AHU) system which is served by two kerosene fuelled, 180kW Ideal &#8230; <a title=\"\u00c9cole de Stowe 21,9%\" class=\"read-more\" href=\"https:\/\/nunceo.com\/fr\/stowe-school-21-9\/\" aria-label=\"Plus sur Stowe school 21.9%\">Lire plus<\/a><\/p>","protected":false},"author":3,"featured_media":0,"parent":0,"menu_order":0,"comment_status":"closed","ping_status":"closed","template":"","meta":{"footnotes":""},"class_list":["post-1117","page","type-page","status-publish"],"jetpack_sharing_enabled":true,"_links":{"self":[{"href":"https:\/\/nunceo.com\/fr\/wp-json\/wp\/v2\/pages\/1117","targetHints":{"allow":["GET"]}}],"collection":[{"href":"https:\/\/nunceo.com\/fr\/wp-json\/wp\/v2\/pages"}],"about":[{"href":"https:\/\/nunceo.com\/fr\/wp-json\/wp\/v2\/types\/page"}],"author":[{"embeddable":true,"href":"https:\/\/nunceo.com\/fr\/wp-json\/wp\/v2\/users\/3"}],"replies":[{"embeddable":true,"href":"https:\/\/nunceo.com\/fr\/wp-json\/wp\/v2\/comments?post=1117"}],"version-history":[{"count":5,"href":"https:\/\/nunceo.com\/fr\/wp-json\/wp\/v2\/pages\/1117\/revisions"}],"predecessor-version":[{"id":1139,"href":"https:\/\/nunceo.com\/fr\/wp-json\/wp\/v2\/pages\/1117\/revisions\/1139"}],"wp:attachment":[{"href":"https:\/\/nunceo.com\/fr\/wp-json\/wp\/v2\/media?parent=1117"}],"curies":[{"name":"wp","href":"https:\/\/api.w.org\/{rel}","templated":true}]}}