{"id":18,"date":"2023-08-21T15:05:21","date_gmt":"2023-08-21T13:05:21","guid":{"rendered":"https:\/\/nunceo.com\/?page_id=18"},"modified":"2023-10-11T13:14:40","modified_gmt":"2023-10-11T11:14:40","slug":"how-does-it-work","status":"publish","type":"page","link":"https:\/\/nunceo.com\/fr\/how-does-it-work\/","title":{"rendered":"Comment cela fonctionne-t-il ?"},"content":{"rendered":"<div class=\"gb-container gb-container-6644ac65\">\n<div class=\"gb-container gb-container-6fa7bfef\">\n<div class=\"gb-grid-wrapper gb-grid-wrapper-12985544\">\n<div class=\"gb-grid-column gb-grid-column-458dfea2\"><div class=\"gb-container gb-container-458dfea2\">\n\n<h1 class=\"gb-headline gb-headline-c1816c8b gb-headline-text\">Comment cela fonctionne-t-il ?<\/h1>\n\n\n\n<h2 class=\"gb-headline gb-headline-a6bdfbaf gb-headline-text\">EndoTherm am\u00e9liore les propri\u00e9t\u00e9s thermiques de l'eau<\/h2>\n\n\n\n<p class=\"gb-headline gb-headline-60650139 gb-headline-text\">L'eau est utilis\u00e9e depuis les Romains pour transf\u00e9rer la chaleur parce qu'elle est abondante et bon march\u00e9. Toutefois, compte tenu des pr\u00e9occupations en mati\u00e8re de d\u00e9veloppement durable et de l'augmentation du prix du gaz, il est temps d'am\u00e9liorer l'efficacit\u00e9 de l'eau.<\/p>\n\n\n\n<p class=\"gb-headline gb-headline-f189eec1 gb-headline-text\">EndoTherm permet \u00e0 l'eau de se r\u00e9chauffer plus facilement, en consommant moins d'\u00e9nergie, et de restituer la chaleur plus rapidement.<\/p>\n\n\n<div class=\"gb-container gb-container-3a9734f7\">\n\n<h2 class=\"gb-headline gb-headline-b3c810ea gb-headline-text\">Cette am\u00e9lioration des propri\u00e9t\u00e9s thermiques a des effets multiples sur le syst\u00e8me de chauffage de votre b\u00e2timent<\/h2>\n\n\n<div class=\"gb-container gb-container-7febe22c\">\n<div class=\"gb-grid-wrapper gb-grid-wrapper-f5b471ed\">\n<div class=\"gb-grid-column gb-grid-column-ce3aac2f\"><div class=\"gb-container gb-container-ce3aac2f\">\n\n<h2 class=\"gb-headline gb-headline-f524dfaa\"><span class=\"gb-icon\"><svg xmlns=\"http:\/\/www.w3.org\/2000\/svg\" height=\"100%\" viewbox=\"0 0 24 24\" width=\"100%\" preserveaspectratio=\"none\"><path d=\"M4 18l8.5-6L4 6v12zm9-12v12l8.5-6L13 6z\"><\/path><\/svg><\/span><\/h2>\n\n<\/div><\/div>\n\n<div class=\"gb-grid-column gb-grid-column-9204103d\"><div class=\"gb-container gb-container-9204103d\">\n\n<p class=\"gb-headline gb-headline-86d83155 gb-headline-text\">R\u00e9ponse plus rapide en cas de variation de la temp\u00e9rature<\/p>\n\n<\/div><\/div>\n\n<div class=\"gb-grid-column gb-grid-column-a4ce783b\"><div class=\"gb-container gb-container-a4ce783b\">\n\n<p class=\"gb-headline gb-headline-0735b105 gb-headline-text\">Au cours de la journ\u00e9e, un b\u00e2timent typique conna\u00eet de nombreuses variations de chaleur. EndoTherm permet \u00e0 l'eau de r\u00e9agir plus facilement \u00e0 ces variations de chaleur.<\/p>\n\n<\/div><\/div>\n<\/div>\n<\/div>\n\n<div class=\"gb-container gb-container-0933052f\">\n<div class=\"gb-grid-wrapper gb-grid-wrapper-76f5b0b2\">\n<div class=\"gb-grid-column gb-grid-column-6d5a0c8e\"><div class=\"gb-container gb-container-6d5a0c8e\">\n\n<h2 class=\"gb-headline gb-headline-d37b4f3c\"><span class=\"gb-icon\"><svg style=\"opacity: 1;\" class=\"stencil--easier-to-select\" y=\"0.5\" x=\"0.5\" height=\"34\" width=\"36\"><defs><\/defs><rect class=\"stencil__selection-helper\" fill=\"transparent\" height=\"34\" width=\"36\" y=\"0\" x=\"0\"><\/rect><style>#mq-stencil-icon-undefined0aa9a71a * { vector-effect: non-scaling-size; }<\/style><g stroke-dasharray=\"none\" stroke=\"none\" stroke-width=\"0\" fill=\"rgb(255, 255, 255)\" id=\"mq-stencil-icon-undefined0aa9a71a\"><svg xmlns=\"http:\/\/www.w3.org\/2000\/svg\" height=\"100%\" viewbox=\"0 0 24 24\" width=\"100%\" preserveaspectratio=\"none\"><path d=\"M22 5.72l-4.6-3.86-1.29 1.53 4.6 3.86L22 5.72zM7.88 3.39L6.6 1.86 2 5.71l1.29 1.53 4.59-3.85zM12.5 8H11v6l4.75 2.85.75-1.23-4-2.37V8zM12 4c-4.97 0-9 4.03-9 9s4.02 9 9 9c4.97 0 9-4.03 9-9s-4.03-9-9-9zm0 16c-3.87 0-7-3.13-7-7s3.13-7 7-7 7 3.13 7 7-3.13 7-7 7z\"><\/path><\/svg><\/g><\/svg><\/span><\/h2>\n\n<\/div><\/div>\n\n<div class=\"gb-grid-column gb-grid-column-7b5376ad\"><div class=\"gb-container gb-container-7b5376ad\">\n\n<p class=\"gb-headline gb-headline-e844425c gb-headline-text\">Mettre le syst\u00e8me de chauffage en marche ult\u00e9rieurement<\/p>\n\n<\/div><\/div>\n\n<div class=\"gb-grid-column gb-grid-column-755c4a0f\"><div class=\"gb-container gb-container-755c4a0f\">\n\n<p class=\"gb-headline gb-headline-15bf6f53 gb-headline-text\">Comme le temps de chauffe est plus rapide gr\u00e2ce aux propri\u00e9t\u00e9s de chauffage am\u00e9lior\u00e9es, vous pouvez allumer votre syst\u00e8me de chauffage plus tard.<\/p>\n\n<\/div><\/div>\n<\/div>\n<\/div>\n\n<div class=\"gb-container gb-container-be2bf01e\">\n<div class=\"gb-grid-wrapper gb-grid-wrapper-bd743128\">\n<div class=\"gb-grid-column gb-grid-column-e07aa161\"><div class=\"gb-container gb-container-e07aa161\">\n\n<h2 class=\"gb-headline gb-headline-729ae2f9\"><span class=\"gb-icon\"><svg xmlns=\"http:\/\/www.w3.org\/2000\/svg\" height=\"100%\" viewbox=\"0 0 24 24\" width=\"100%\" preserveaspectratio=\"none\"><g><\/g><g><g><rect height=\"2\" transform=\"matrix(0.7069 -0.7074 0.7074 0.7069 -0.3887 15.676)\" width=\"3\" x=\"17.22\" y=\"7.31\"><\/rect><rect height=\"2\" width=\"20\" x=\"2\" y=\"18\"><\/rect><rect height=\"3\" width=\"2\" x=\"11\" y=\"4\"><\/rect><rect height=\"3\" transform=\"matrix(0.7071 -0.7071 0.7071 0.7071 -4.2992 6.1783)\" width=\"2\" x=\"4.31\" y=\"6.78\"><\/rect><path d=\"M5,16h14c0-3.87-3.13-7-7-7S5,12.13,5,16z\"><\/path><\/g><\/g><\/svg><\/span><\/h2>\n\n<\/div><\/div>\n\n<div class=\"gb-grid-column gb-grid-column-a4fa3675\"><div class=\"gb-container gb-container-a4fa3675\">\n\n<p class=\"gb-headline gb-headline-9f76e1aa gb-headline-text\">Moins de chaleur r\u00e9siduelle<\/p>\n\n<\/div><\/div>\n\n<div class=\"gb-grid-column gb-grid-column-b279157f\"><div class=\"gb-container gb-container-b279157f\">\n\n<p class=\"gb-headline gb-headline-be855845 gb-headline-text\">Il reste moins de chaleur r\u00e9siduelle \u00e0 la fin de la journ\u00e9e, car l'eau dos\u00e9e par EndoTherm \u00e9vacue la chaleur plus rapidement. L'\u00e9nergie est donc utilis\u00e9e au moment o\u00f9 vous en avez besoin.<\/p>\n\n<\/div><\/div>\n<\/div>\n<\/div>\n\n<div class=\"gb-container gb-container-25b73267\">\n<div class=\"gb-grid-wrapper gb-grid-wrapper-a401b57d\">\n<div class=\"gb-grid-column gb-grid-column-440f2d75\"><div class=\"gb-container gb-container-440f2d75\">\n\n<h2 class=\"gb-headline gb-headline-dcff0f65\"><span class=\"gb-icon\"><svg style=\"opacity: 1;\" class=\"stencil--easier-to-select\" y=\"0.5\" x=\"0.5\" height=\"38\" width=\"47\"><defs><\/defs><rect class=\"stencil__selection-helper\" fill=\"transparent\" height=\"38\" width=\"47\" y=\"0\" x=\"0\"><\/rect><style>#mq-stencil-icon-undefined9663aa61 * { vector-effect: non-scaling-size; }<\/style><g stroke-dasharray=\"none\" stroke=\"none\" stroke-width=\"0\" fill=\"rgb(255, 255, 255)\" id=\"mq-stencil-icon-undefined9663aa61\"><svg xmlns=\"http:\/\/www.w3.org\/2000\/svg\" height=\"100%\" viewbox=\"0 0 24 24\" width=\"100%\" preserveaspectratio=\"none\"><path d=\"M6.99 11L3 15l3.99 4v-3H14v-2H6.99v-3zM21 9l-3.99-4v3H10v2h7.01v3L21 9z\"><\/path><\/svg><\/g><\/svg><\/span><\/h2>\n\n<\/div><\/div>\n\n<div class=\"gb-grid-column gb-grid-column-923d2692\"><div class=\"gb-container gb-container-923d2692\">\n\n<p class=\"gb-headline gb-headline-976d0833 gb-headline-text\">Improved boiler efficiency<\/p>\n\n<\/div><\/div>\n\n<div class=\"gb-grid-column gb-grid-column-018cc9a1\"><div class=\"gb-container gb-container-018cc9a1\">\n\n<p class=\"gb-headline gb-headline-ab1dce80 gb-headline-text\">L'eau EndoTherm permet un meilleur transfert de chaleur entre la chaudi\u00e8re et l'eau.<\/p>\n\n<\/div><\/div>\n<\/div>\n<\/div>\n<\/div>\n<\/div><\/div>\n\n<div class=\"gb-grid-column gb-grid-column-6e0086a2\"><div class=\"gb-container gb-container-6e0086a2\">\n\n<h2 class=\"gb-headline gb-headline-78f06c3b gb-headline-text\"><strong>Saviez-vous que<\/strong><\/h2>\n\n\n<div class=\"gb-grid-wrapper gb-grid-wrapper-c2121c12\">\n<div class=\"gb-grid-column gb-grid-column-91d36d98\"><div class=\"gb-container gb-container-91d36d98\">\n<div class=\"gb-grid-wrapper gb-grid-wrapper-63f45a74\">\n<div class=\"gb-grid-column gb-grid-column-4ac33f25\"><div class=\"gb-container gb-container-4ac33f25\">\n\n<h4 class=\"gb-headline gb-headline-822a8454 gb-headline-text\"><strong>EndoTherm est<\/strong><\/h4>\n\n<\/div><\/div>\n\n<div class=\"gb-grid-column gb-grid-column-cb3eacae\"><div class=\"gb-container gb-container-cb3eacae\"><a class=\"gb-container-link\" href=\"https:\/\/nunceo.com\/fr\/case-studies\/#EndoTherm\"><\/a>\n\n<span class=\"gb-button gb-button-1c2b8fbd gb-button-text\">MORE INFO<\/span>\n\n<\/div><\/div>\n<\/div>\n\n\n<h4 class=\"gb-headline gb-headline-fedfc894 gb-headline-text\"><strong>test\u00e9 de mani\u00e8re ind\u00e9pendante par plusieurs institutions<\/strong><\/h4>\n\n\n<div class=\"gb-grid-wrapper gb-grid-wrapper-4782fe43\">\n<div class=\"gb-grid-column gb-grid-column-7b791fa8\"><div class=\"gb-container gb-container-7b791fa8\">\n\n<figure class=\"gb-block-image gb-block-image-38402386\"><img loading=\"lazy\" decoding=\"async\" width=\"504\" height=\"518\" class=\"gb-image gb-image-38402386\" src=\"https:\/\/nunceo.com\/wp-content\/uploads\/2023\/10\/FR_15_new.png\" alt=\"\" title=\"EN_15%\" srcset=\"https:\/\/nunceo.com\/wp-content\/uploads\/2023\/10\/FR_15_new.png 505w, https:\/\/nunceo.com\/wp-content\/uploads\/2023\/10\/FR_15_new-292x300.png 292w, https:\/\/nunceo.com\/wp-content\/uploads\/2023\/10\/FR_15_new-12x12.png 12w\" sizes=\"auto, (max-width: 504px) 100vw, 504px\" \/><\/figure>\n\n<\/div><\/div>\n\n<div class=\"gb-grid-column gb-grid-column-e748faaf\"><div class=\"gb-container gb-container-e748faaf\">\n\n<figure class=\"gb-block-image gb-block-image-d312b923\"><img loading=\"lazy\" decoding=\"async\" width=\"221\" height=\"60\" class=\"gb-image gb-image-d312b923\" src=\"https:\/\/nunceo.com\/wp-content\/uploads\/2023\/08\/MJmCe9Igj40eh6h57TWovs2t4xF7fUyB.png\" alt=\"\" title=\"MJmCe9Igj40eh6h57TWovs2t4xF7fUyB\"\/><\/figure>\n\n<\/div><\/div>\n\n<div class=\"gb-grid-column gb-grid-column-50f0966f\"><div class=\"gb-container gb-container-50f0966f\">\n\n<figure class=\"gb-block-image gb-block-image-a64c8401\"><img loading=\"lazy\" decoding=\"async\" width=\"504\" height=\"499\" class=\"gb-image gb-image-a64c8401\" src=\"https:\/\/nunceo.com\/wp-content\/uploads\/2023\/10\/FR_19_2.png\" alt=\"\" title=\"EN_19_2%\" srcset=\"https:\/\/nunceo.com\/wp-content\/uploads\/2023\/10\/FR_19_2.png 505w, https:\/\/nunceo.com\/wp-content\/uploads\/2023\/10\/FR_19_2-300x296.png 300w, https:\/\/nunceo.com\/wp-content\/uploads\/2023\/10\/FR_19_2-12x12.png 12w\" sizes=\"auto, (max-width: 504px) 100vw, 504px\" \/><\/figure>\n\n<\/div><\/div>\n\n<div class=\"gb-grid-column gb-grid-column-e05add99\"><div class=\"gb-container gb-container-e05add99\">\n\n<figure class=\"gb-block-image gb-block-image-4177c8c7\"><img loading=\"lazy\" decoding=\"async\" width=\"307\" height=\"217\" class=\"gb-image gb-image-4177c8c7\" src=\"https:\/\/nunceo.com\/wp-content\/uploads\/2023\/08\/L4xDeaxBEZrUFEAqM7Olus0kQALvG5n8.png\" alt=\"\" title=\"L4xDeaxBEZrUFEAqM7Olus0kQALvG5n8\" srcset=\"https:\/\/nunceo.com\/wp-content\/uploads\/2023\/08\/L4xDeaxBEZrUFEAqM7Olus0kQALvG5n8.png 307w, https:\/\/nunceo.com\/wp-content\/uploads\/2023\/08\/L4xDeaxBEZrUFEAqM7Olus0kQALvG5n8-300x212.png 300w\" sizes=\"auto, (max-width: 307px) 100vw, 307px\" \/><\/figure>\n\n<\/div><\/div>\n\n<div class=\"gb-grid-column gb-grid-column-8111434a\"><div class=\"gb-container gb-container-8111434a\">\n\n<figure class=\"gb-block-image gb-block-image-872b6e5e\"><img loading=\"lazy\" decoding=\"async\" width=\"504\" height=\"499\" class=\"gb-image gb-image-872b6e5e\" src=\"https:\/\/nunceo.com\/wp-content\/uploads\/2023\/10\/FR_10_4.png\" alt=\"\" title=\"EN_10_4%\" srcset=\"https:\/\/nunceo.com\/wp-content\/uploads\/2023\/10\/FR_10_4.png 505w, https:\/\/nunceo.com\/wp-content\/uploads\/2023\/10\/FR_10_4-300x296.png 300w, https:\/\/nunceo.com\/wp-content\/uploads\/2023\/10\/FR_10_4-12x12.png 12w\" sizes=\"auto, (max-width: 504px) 100vw, 504px\" \/><\/figure>\n\n<\/div><\/div>\n\n<div class=\"gb-grid-column gb-grid-column-44e62d0d\"><div class=\"gb-container gb-container-44e62d0d\">\n\n<figure class=\"gb-block-image gb-block-image-544636d2\"><img loading=\"lazy\" decoding=\"async\" width=\"175\" height=\"105\" class=\"gb-image gb-image-544636d2\" src=\"https:\/\/nunceo.com\/wp-content\/uploads\/2023\/08\/gZJlbE7kT3pvP8RrykJL2JiyObnokpaq.gif\" alt=\"\" title=\"gZJlbE7kT3pvP8RrykJL2JiyObnokpaq\"\/><\/figure>\n\n<\/div><\/div>\n\n<div class=\"gb-grid-column gb-grid-column-3f9b699e\"><div class=\"gb-container gb-container-3f9b699e\">\n\n<figure class=\"gb-block-image gb-block-image-251b6b4d\"><img loading=\"lazy\" decoding=\"async\" width=\"505\" height=\"499\" class=\"gb-image gb-image-251b6b4d\" src=\"https:\/\/nunceo.com\/wp-content\/uploads\/2023\/10\/FR_10_6.png\" alt=\"\" title=\"EN_10_6%\" srcset=\"https:\/\/nunceo.com\/wp-content\/uploads\/2023\/10\/FR_10_6.png 505w, https:\/\/nunceo.com\/wp-content\/uploads\/2023\/10\/FR_10_6-300x296.png 300w, https:\/\/nunceo.com\/wp-content\/uploads\/2023\/10\/FR_10_6-12x12.png 12w\" sizes=\"auto, (max-width: 505px) 100vw, 505px\" \/><\/figure>\n\n<\/div><\/div>\n\n<div class=\"gb-grid-column gb-grid-column-a64dae7e\"><div class=\"gb-container gb-container-a64dae7e\">\n\n<figure class=\"gb-block-image gb-block-image-fd957e80\"><img loading=\"lazy\" decoding=\"async\" width=\"163\" height=\"76\" class=\"gb-image gb-image-fd957e80\" src=\"https:\/\/nunceo.com\/wp-content\/uploads\/2023\/08\/tal2Tmau9IlQPii1hn75kJYggCpNnoRM.png\" alt=\"\" title=\"tal2Tmau9IlQPii1hn75kJYggCpNnoRM\"\/><\/figure>\n\n<\/div><\/div>\n<\/div>\n<\/div><\/div>\n<\/div>\n<\/div><\/div>\n<\/div>\n<\/div>\n<\/div>\n\n<div class=\"gb-container gb-container-3cf5367b\">\n<div class=\"gb-container gb-container-d6912eb0\">\n<div class=\"gb-grid-wrapper gb-grid-wrapper-26cb5464\">\n<div class=\"gb-grid-column gb-grid-column-ed2dd962\"><div class=\"gb-container gb-container-ed2dd962\"><\/div><\/div>\n<\/div>\n<\/div>\n<\/div>\n\n<div class=\"gb-container gb-container-39683ac5\">\n<div class=\"gb-container gb-container-3b2a1bd7\">\n\n<h2 class=\"gb-headline gb-headline-fa53cf0a gb-headline-text\">Explication scientifique<\/h2>\n\n\n<div class=\"gb-grid-wrapper gb-grid-wrapper-31e358f1\">\n<div class=\"gb-grid-column gb-grid-column-b8bfe53f\"><div class=\"gb-container gb-container-b8bfe53f\">\n<div class=\"gb-container gb-container-c3141fc8\">\n\n<p class=\"gb-headline gb-headline-5ea0848b gb-headline-text\">EndoTherm r\u00e9duit la force des liaisons hydrog\u00e8ne entre les mol\u00e9cules d'eau<\/p>\n\n<\/div>\n\n\n<p class=\"gb-headline gb-headline-bd5f9359 gb-headline-text\">L'eau est constitu\u00e9e de nombreuses mol\u00e9cules d'eau qui interagissent vaguement les unes avec les autres par le biais de liaisons hydrog\u00e8ne.<\/p>\n\n\n\n<figure class=\"gb-block-image gb-block-image-d33f9fc2\"><img loading=\"lazy\" decoding=\"async\" width=\"368\" height=\"278\" class=\"gb-image gb-image-d33f9fc2\" src=\"https:\/\/nunceo.com\/wp-content\/uploads\/2023\/08\/YwGFWfTCqDEhe0ihIlLigD4QFoY3xqFR.gif\" alt=\"\" title=\"YwGFWfTCqDEhe0ihIlLigD4QFoY3xqFR\"\/><\/figure>\n\n<\/div><\/div>\n\n<div class=\"gb-grid-column gb-grid-column-a743379d\"><div class=\"gb-container gb-container-a743379d\">\n\n<figure class=\"gb-block-image gb-block-image-e44d1a90\"><img loading=\"lazy\" decoding=\"async\" width=\"29\" height=\"539\" class=\"gb-image gb-image-e44d1a90\" src=\"https:\/\/nunceo.com\/wp-content\/uploads\/2023\/08\/Screenshot-2023-08-26-233717.png\" alt=\"\" title=\"Screenshot-2023-08-26-233717\"\/><\/figure>\n\n<\/div><\/div>\n\n<div class=\"gb-grid-column gb-grid-column-e3b0da12\"><div class=\"gb-container gb-container-e3b0da12\">\n<div class=\"gb-container gb-container-3a4ed54c\">\n<div class=\"gb-grid-wrapper gb-grid-wrapper-ca148fc3\">\n<div class=\"gb-grid-column gb-grid-column-f16a1a5c\"><div class=\"gb-container gb-container-f16a1a5c\">\n\n<figure class=\"gb-block-image gb-block-image-a84f5a13\"><img loading=\"lazy\" decoding=\"async\" width=\"203\" height=\"139\" class=\"gb-image gb-image-a84f5a13\" src=\"https:\/\/nunceo.com\/wp-content\/uploads\/2023\/08\/OBqtQhDZKzNOoGZDJ7ZB0uWsH7W649OM.png\" alt=\"\" title=\"OBqtQhDZKzNOoGZDJ7ZB0uWsH7W649OM\"\/><\/figure>\n\n<\/div><\/div>\n\n<div class=\"gb-grid-column gb-grid-column-19547ff9\"><div class=\"gb-container gb-container-19547ff9\">\n\n<p class=\"gb-headline gb-headline-5a1e6be5 gb-headline-text\">La capacit\u00e9 thermique est r\u00e9duite<\/p>\n\n<\/div><\/div>\n\n<div class=\"gb-grid-column gb-grid-column-52591605\"><div class=\"gb-container gb-container-52591605\">\n\n<p class=\"gb-headline gb-headline-59f45373 gb-headline-text\">Une capacit\u00e9 thermique plus faible permet \u00e0 l'eau de se r\u00e9chauffer plus rapidement en utilisant moins d'\u00e9nergie.<\/p>\n\n<\/div><\/div>\n<\/div>\n<\/div>\n\n<div class=\"gb-container gb-container-86815d76\">\n<div class=\"gb-grid-wrapper gb-grid-wrapper-e41903ac\">\n<div class=\"gb-grid-column gb-grid-column-b37ace79\"><div class=\"gb-container gb-container-b37ace79\">\n\n<figure class=\"gb-block-image gb-block-image-181baae7\"><img loading=\"lazy\" decoding=\"async\" width=\"632\" height=\"435\" class=\"gb-image gb-image-181baae7\" src=\"https:\/\/nunceo.com\/wp-content\/uploads\/2023\/08\/LT0DPVWYBXGc3mxhm8rfa9siQLlCgQZd.jpg\" alt=\"\" title=\"LT0DPVWYBXGc3mxhm8rfa9siQLlCgQZd\" srcset=\"https:\/\/nunceo.com\/wp-content\/uploads\/2023\/08\/LT0DPVWYBXGc3mxhm8rfa9siQLlCgQZd.jpg 632w, https:\/\/nunceo.com\/wp-content\/uploads\/2023\/08\/LT0DPVWYBXGc3mxhm8rfa9siQLlCgQZd-300x206.jpg 300w\" sizes=\"auto, (max-width: 632px) 100vw, 632px\" \/><\/figure>\n\n<\/div><\/div>\n\n<div class=\"gb-grid-column gb-grid-column-daff1595\"><div class=\"gb-container gb-container-daff1595\">\n\n<p class=\"gb-headline gb-headline-c3b75f2f gb-headline-text\">La tension superficielle est r\u00e9duite<\/p>\n\n<\/div><\/div>\n\n<div class=\"gb-grid-column gb-grid-column-f758bc08\"><div class=\"gb-container gb-container-f758bc08\">\n\n<p class=\"gb-headline gb-headline-af0deb8e gb-headline-text\">Une tension superficielle moindre signifie que l'eau a une meilleure connexion avec les radiateurs, ce qui am\u00e9liore le transfert de chaleur de l'eau vers son environnement.<\/p>\n\n<\/div><\/div>\n<\/div>\n<\/div>\n\n<div class=\"gb-container gb-container-c68af381\">\n<div class=\"gb-grid-wrapper gb-grid-wrapper-7ceab2be\">\n<div class=\"gb-grid-column gb-grid-column-c8a07455\"><div class=\"gb-container gb-container-c8a07455\">\n\n<figure class=\"gb-block-image gb-block-image-37813501\"><img loading=\"lazy\" decoding=\"async\" width=\"463\" height=\"321\" class=\"gb-image gb-image-37813501\" src=\"https:\/\/nunceo.com\/wp-content\/uploads\/2023\/08\/t5AVSlfFsTSvLCwDyKrF31j3U6vIb27n.jpg\" alt=\"\" title=\"t5AVSlfFsTSvLCwDyKrF31j3U6vIb27n\" srcset=\"https:\/\/nunceo.com\/wp-content\/uploads\/2023\/08\/t5AVSlfFsTSvLCwDyKrF31j3U6vIb27n.jpg 463w, https:\/\/nunceo.com\/wp-content\/uploads\/2023\/08\/t5AVSlfFsTSvLCwDyKrF31j3U6vIb27n-300x208.jpg 300w\" sizes=\"auto, (max-width: 463px) 100vw, 463px\" \/><\/figure>\n\n<\/div><\/div>\n\n<div class=\"gb-grid-column gb-grid-column-0654efe3\"><div class=\"gb-container gb-container-0654efe3\">\n\n<p class=\"gb-headline gb-headline-c7cd9dac gb-headline-text\">Moins de bulles \u00e0 la surface<\/p>\n\n<\/div><\/div>\n\n<div class=\"gb-grid-column gb-grid-column-256cb062\"><div class=\"gb-container gb-container-256cb062\">\n\n<p class=\"gb-headline gb-headline-f6c2a563 gb-headline-text\">La diminution des bulles \u00e0 la surface de l'eau am\u00e9liore \u00e9galement les connexions avec le syst\u00e8me de chauffage, am\u00e9liorant ainsi le transfert de chaleur de l'eau vers son environnement.<\/p>\n\n<\/div><\/div>\n<\/div>\n<\/div>\n\n<div class=\"gb-container gb-container-51df6f71\">\n<div class=\"gb-grid-wrapper gb-grid-wrapper-c17005ee\">\n<div class=\"gb-grid-column gb-grid-column-e6288583\"><div class=\"gb-container gb-container-e6288583\">\n\n<figure class=\"gb-block-image gb-block-image-58fce6d2\"><img loading=\"lazy\" decoding=\"async\" width=\"202\" height=\"139\" class=\"gb-image gb-image-58fce6d2\" src=\"https:\/\/nunceo.com\/wp-content\/uploads\/2023\/08\/yaGlm1webkKuoeA0hnxFQLe8788tPheg.jpg\" alt=\"\" title=\"yaGlm1webkKuoeA0hnxFQLe8788tPheg\"\/><\/figure>\n\n<\/div><\/div>\n\n<div class=\"gb-grid-column gb-grid-column-3115c986\"><div class=\"gb-container gb-container-3115c986\">\n\n<p class=\"gb-headline gb-headline-6f6719c3 gb-headline-text\">Des bulles plus petites qui se m\u00e9langent davantage<\/p>\n\n<\/div><\/div>\n\n<div class=\"gb-grid-column gb-grid-column-6eb6bb5b\"><div class=\"gb-container gb-container-6eb6bb5b\">\n\n<p class=\"gb-headline gb-headline-425469f6 gb-headline-text\">Un meilleur m\u00e9lange permet \u00e0 l'eau de mieux r\u00e9partir l'\u00e9nergie dans l'eau, ce qui am\u00e9liore l'absorption de la chaleur.<\/p>\n\n<\/div><\/div>\n<\/div>\n<\/div>\n\n<div class=\"gb-container gb-container-352d039d\">\n<div class=\"gb-grid-wrapper gb-grid-wrapper-c6a66e5f\">\n<div class=\"gb-grid-column gb-grid-column-e250a7c4\"><div class=\"gb-container gb-container-e250a7c4\">\n\n<figure class=\"gb-block-image gb-block-image-b09d5e3a\"><img loading=\"lazy\" decoding=\"async\" width=\"202\" height=\"139\" class=\"gb-image gb-image-b09d5e3a\" src=\"https:\/\/nunceo.com\/wp-content\/uploads\/2023\/08\/VGGPsllN3yyH0XNguSAqD5fBO8XCginR.png\" alt=\"\" title=\"VGGPsllN3yyH0XNguSAqD5fBO8XCginR\"\/><\/figure>\n\n<\/div><\/div>\n\n<div class=\"gb-grid-column gb-grid-column-76e89ee5\"><div class=\"gb-container gb-container-76e89ee5\">\n\n<p class=\"gb-headline gb-headline-cca441c8 gb-headline-text\"><strong>Augmentation de la viscosit\u00e9 turbulente<\/strong><\/p>\n\n<\/div><\/div>\n\n<div class=\"gb-grid-column gb-grid-column-8c7cd9d2\"><div class=\"gb-container gb-container-8c7cd9d2\">\n\n<p class=\"gb-headline gb-headline-dc205962 gb-headline-text\">Cela am\u00e9liore le m\u00e9lange interne du fluide, l'eau \u00e9tant moins \"collante\", ce qui am\u00e9liore le transfert de chaleur dans le liquide.<\/p>\n\n<\/div><\/div>\n<\/div>\n<\/div>\n<\/div><\/div>\n<\/div>\n<\/div>\n<\/div>","protected":false},"excerpt":{"rendered":"<p>Explication scientifique<\/p>","protected":false},"author":3,"featured_media":0,"parent":0,"menu_order":0,"comment_status":"closed","ping_status":"closed","template":"","meta":{"footnotes":""},"class_list":["post-18","page","type-page","status-publish"],"jetpack_sharing_enabled":true,"_links":{"self":[{"href":"https:\/\/nunceo.com\/fr\/wp-json\/wp\/v2\/pages\/18","targetHints":{"allow":["GET"]}}],"collection":[{"href":"https:\/\/nunceo.com\/fr\/wp-json\/wp\/v2\/pages"}],"about":[{"href":"https:\/\/nunceo.com\/fr\/wp-json\/wp\/v2\/types\/page"}],"author":[{"embeddable":true,"href":"https:\/\/nunceo.com\/fr\/wp-json\/wp\/v2\/users\/3"}],"replies":[{"embeddable":true,"href":"https:\/\/nunceo.com\/fr\/wp-json\/wp\/v2\/comments?post=18"}],"version-history":[{"count":10,"href":"https:\/\/nunceo.com\/fr\/wp-json\/wp\/v2\/pages\/18\/revisions"}],"predecessor-version":[{"id":1041,"href":"https:\/\/nunceo.com\/fr\/wp-json\/wp\/v2\/pages\/18\/revisions\/1041"}],"wp:attachment":[{"href":"https:\/\/nunceo.com\/fr\/wp-json\/wp\/v2\/media?parent=18"}],"curies":[{"name":"wp","href":"https:\/\/api.w.org\/{rel}","templated":true}]}}