{"id":21,"date":"2023-08-21T15:05:21","date_gmt":"2023-08-21T13:05:21","guid":{"rendered":"https:\/\/nunceo.com\/?page_id=21"},"modified":"2024-09-18T09:59:26","modified_gmt":"2024-09-18T07:59:26","slug":"about-us","status":"publish","type":"page","link":"https:\/\/nunceo.com\/fr\/about-us\/","title":{"rendered":"A propos de nous"},"content":{"rendered":"<div class=\"gb-container gb-container-75fe675f\">\n<div class=\"gb-container gb-container-68fea950\">\n<div class=\"gb-grid-wrapper gb-grid-wrapper-35274bcb\">\n<div class=\"gb-grid-column gb-grid-column-e5ca8aa2\"><div class=\"gb-container gb-container-e5ca8aa2\">\n\n<h1 class=\"gb-headline gb-headline-07691c1c gb-headline-text\">A propos de nous<\/h1>\n\n\n<div class=\"gb-container gb-container-3d294da2\"><\/div>\n\n\n<h4 class=\"wp-block-heading\" style=\"font-size:25px\">Nous sommes une \u00e9quipe germano-n\u00e9erlandaise d'entrepreneurs engag\u00e9s dans le d\u00e9veloppement durable. Nous croyons qu'il est possible de r\u00e9duire drastiquement les \u00e9missions de CO2 en exploitant toutes les possibilit\u00e9s de r\u00e9duction. <br>Notre vision est que chaque installation de chauffage en Europe soit \u00e9quip\u00e9e de notre additif \u00e0 haute efficacit\u00e9 \u00e9nerg\u00e9tique.<\/h4>\n\n\n\n<p style=\"font-size:25px\"><strong>Rico Waanders<\/strong><\/p>\n\n\n\n<p style=\"font-size:25px\">Fondateur de l'entreprise, titulaire d'un master en chimie et d'une longue exp\u00e9rience en tant que consultant dans de grands groupes.<\/p>\n\n\n\n<p style=\"font-size:25px\"><strong>Manfred Prothmann<\/strong><\/p>\n\n\n\n<p style=\"font-size:25px\">Fondateur de l'entreprise avec une longue exp\u00e9rience dans le secteur informatique en tant que consultant et chef de projet. <\/p>\n\n\n\n<p style=\"font-size:25px\">Vous avez des clients ou des personnes int\u00e9ress\u00e9es que vous souhaitez faire conna\u00eetre notre m\u00e9thode pour \u00e9conomiser de l'\u00e9nergie de chauffage ? Prenez contact avec nous, nous avons de bonnes offres int\u00e9ressantes pour les distributeurs. <\/p>\n\n\n\n<h4 class=\"gb-headline gb-headline-4d335f97 gb-headline-text\">Nous sommes heureux d'accueillir tous ceux qui se joignent \u00e0 nous pour d\u00e9velopper la distribution.<\/h4>\n\n\n\n<h4 class=\"gb-headline gb-headline-d91639dd gb-headline-text\"><a href=\"mailto:info@nunceo.com\">info@nunceo.com<\/a><\/h4>\n\n\n\n<a class=\"gb-button gb-button-59634779 gb-button-text\" href=\"https:\/\/nunceo.com\/fr\/contact\/\">CONTACTEZ-NOUS<\/a>\n\n<\/div><\/div>\n<\/div>\n<\/div>\n<\/div>","protected":false},"excerpt":{"rendered":"","protected":false},"author":3,"featured_media":0,"parent":0,"menu_order":0,"comment_status":"closed","ping_status":"closed","template":"","meta":{"footnotes":""},"class_list":["post-21","page","type-page","status-publish"],"jetpack_sharing_enabled":true,"_links":{"self":[{"href":"https:\/\/nunceo.com\/fr\/wp-json\/wp\/v2\/pages\/21","targetHints":{"allow":["GET"]}}],"collection":[{"href":"https:\/\/nunceo.com\/fr\/wp-json\/wp\/v2\/pages"}],"about":[{"href":"https:\/\/nunceo.com\/fr\/wp-json\/wp\/v2\/types\/page"}],"author":[{"embeddable":true,"href":"https:\/\/nunceo.com\/fr\/wp-json\/wp\/v2\/users\/3"}],"replies":[{"embeddable":true,"href":"https:\/\/nunceo.com\/fr\/wp-json\/wp\/v2\/comments?post=21"}],"version-history":[{"count":9,"href":"https:\/\/nunceo.com\/fr\/wp-json\/wp\/v2\/pages\/21\/revisions"}],"predecessor-version":[{"id":1254,"href":"https:\/\/nunceo.com\/fr\/wp-json\/wp\/v2\/pages\/21\/revisions\/1254"}],"wp:attachment":[{"href":"https:\/\/nunceo.com\/fr\/wp-json\/wp\/v2\/media?parent=21"}],"curies":[{"name":"wp","href":"https:\/\/api.w.org\/{rel}","templated":true}]}}